{"id":3512,"date":"2017-11-03T10:11:44","date_gmt":"2017-11-03T10:11:44","guid":{"rendered":"https:\/\/www.badge4u.eu\/faq\/"},"modified":"2019-06-12T07:58:27","modified_gmt":"2019-06-12T07:58:27","slug":"faq","status":"publish","type":"page","link":"https:\/\/www.badge4u.eu\/it\/faq\/","title":{"rendered":"FAQ"},"content":{"rendered":"<div class=\"wpb-content-wrapper\"><p>[vc_row css_animation=&#8221;&#8221; row_type=&#8221;row&#8221; use_row_as_full_screen_section=&#8221;no&#8221; type=&#8221;grid&#8221; angled_section=&#8221;no&#8221; text_align=&#8221;left&#8221; background_image_as_pattern=&#8221;without_pattern&#8221; padding_top=&#8221;139&#8243; padding_bottom=&#8221;121&#8243; css=&#8221;.vc_custom_1509705557646{padding-top: 125px !important;}&#8221;][vc_column css_animation=&#8221;top-to-bottom&#8221; width=&#8221;1\/2&#8243; offset=&#8221;vc_col-lg-6 vc_col-md-6&#8243;]<div class=\"qode-accordion-holder clearfix qode-accordion qode-initial \">\n\t<h4 class=\"clearfix qode-title-holder\">\n<span class=\"qode-tab-title\">\n\t    <span class=\"qode-tab-title-inner\">\n        Jak z\u0142o\u017cy\u0107 zam\u00f3wienie?    <\/span>\n<\/span>\n<span class=\"qode-accordion-mark\">\n    <span class=\"qode-accordion-mark-icon\">\n        <span class=\"icon_plus\"><\/span>\n        <span class=\"icon_minus-06\"><\/span>\n    <\/span>\n<\/span>\n<\/h4>\n<div  class=\"qode-accordion-content \" >\n    <div class=\"qode-accordion-content-inner\">\n        [vc_column_text]<\/p>\n<p>Przede wszystkim wy\u015blijcie Pa\u0144stwo swoje zapytanie e-mail&#8217;em, za\u0142\u0105czaj\u0105c ewentualne pliki graficzne. Nale\u017cy poda\u0107 ilo\u015b\u0107, rozmiar i typ produktu. Po otrzymaniu od nas wyceny i akceptacji koszt\u00f3w \u2013 przyjmujemy zam\u00f3wienie do realizacji, wysy\u0142aj\u0105c potwierdzenie. Nast\u0119pnym krokiem jest przygotowanie dla Pa\u0144stwa wizualizacji, po potwierdzeniu kt\u00f3rej przyst\u0119pujemy do produkcji.<\/p>\n<p>[\/vc_column_text]    <\/div>\n<\/div><h4 class=\"clearfix qode-title-holder\">\n<span class=\"qode-tab-title\">\n\t    <span class=\"qode-tab-title-inner\">\n        Jakie s\u0105 dost\u0119pne rodzaje p\u0142atno\u015bci?    <\/span>\n<\/span>\n<span class=\"qode-accordion-mark\">\n    <span class=\"qode-accordion-mark-icon\">\n        <span class=\"icon_plus\"><\/span>\n        <span class=\"icon_minus-06\"><\/span>\n    <\/span>\n<\/span>\n<\/h4>\n<div  class=\"qode-accordion-content \" >\n    <div class=\"qode-accordion-content-inner\">\n        [vc_column_text]<\/p>\n<p>Dost\u0119pne rodzaje p\u0142atno\u015bci: przelew na konto bankowe, przelew PayPal, p\u0142atno\u015b\u0107 za pobraniem. Istnieje mo\u017cliwo\u015b\u0107 przedp\u0142aty zam\u00f3wienia na podstawie faktury proforma.<\/p>\n<p>[\/vc_column_text]    <\/div>\n<\/div><h4 class=\"clearfix qode-title-holder\">\n<span class=\"qode-tab-title\">\n\t    <span class=\"qode-tab-title-inner\">\n        Jakie s\u0105 ilo\u015bci minimalne produkt\u00f3w?    <\/span>\n<\/span>\n<span class=\"qode-accordion-mark\">\n    <span class=\"qode-accordion-mark-icon\">\n        <span class=\"icon_plus\"><\/span>\n        <span class=\"icon_minus-06\"><\/span>\n    <\/span>\n<\/span>\n<\/h4>\n<div  class=\"qode-accordion-content \" >\n    <div class=\"qode-accordion-content-inner\">\n        [vc_column_text]<\/p>\n<p>Ilo\u015b\u0107 minimalna zam\u00f3wienia to 100 sztuk \u2013 dotyczy wszystkich produkt\u00f3w opr\u00f3cz identyfikator\u00f3w (30 sztuk). Ilo\u015b\u0107 minimalna na motyw to 50 sztuk. Je\u015bli mniej \u2013 zostan\u0105 doliczone koszty personalizacji 20gr\/szt.<\/p>\n<p>[\/vc_column_text]    <\/div>\n<\/div><h4 class=\"clearfix qode-title-holder\">\n<span class=\"qode-tab-title\">\n\t    <span class=\"qode-tab-title-inner\">\n        Czy ilo\u015b\u0107 u\u017cytych kolor\u00f3w wp\u0142ywa na cen\u0119?    <\/span>\n<\/span>\n<span class=\"qode-accordion-mark\">\n    <span class=\"qode-accordion-mark-icon\">\n        <span class=\"icon_plus\"><\/span>\n        <span class=\"icon_minus-06\"><\/span>\n    <\/span>\n<\/span>\n<\/h4>\n<div  class=\"qode-accordion-content \" >\n    <div class=\"qode-accordion-content-inner\">\n        [vc_column_text]<\/p>\n<p>W cen\u0119 wliczony jest nadruk full color CMYK \u2013 wyj\u0105tek stanowi\u0105 identyfikatory drukowane w kolorach PANTONE (cena zale\u017cna od ilo\u015bci kolor\u00f3w).<\/p>\n<p>[\/vc_column_text]    <\/div>\n<\/div><h4 class=\"clearfix qode-title-holder\">\n<span class=\"qode-tab-title\">\n\t    <span class=\"qode-tab-title-inner\">\n        W jakim formacie przygotowa\u0107 grafik\u0119?    <\/span>\n<\/span>\n<span class=\"qode-accordion-mark\">\n    <span class=\"qode-accordion-mark-icon\">\n        <span class=\"icon_plus\"><\/span>\n        <span class=\"icon_minus-06\"><\/span>\n    <\/span>\n<\/span>\n<\/h4>\n<div  class=\"qode-accordion-content \" >\n    <div class=\"qode-accordion-content-inner\">\n        [vc_column_text]<\/p>\n<p>Akceptujemy pliki graficzne w formatach: .pdf, .cdr, .ai, .psd \u2013 rozdzielczo\u015b\u0107 min. 300 dpi. Zachowaj kolorystyk\u0119 CMYK, zamie\u0144 wszystkie fonty na krzywe, nadlewka min. 3 mm.<\/p>\n<p>[\/vc_column_text]    <\/div>\n<\/div><h4 class=\"clearfix qode-title-holder\">\n<span class=\"qode-tab-title\">\n\t    <span class=\"qode-tab-title-inner\">\n        Nie znam si\u0119 na grafice. Czy mo\u017cecie mi pom\u00f3c?    <\/span>\n<\/span>\n<span class=\"qode-accordion-mark\">\n    <span class=\"qode-accordion-mark-icon\">\n        <span class=\"icon_plus\"><\/span>\n        <span class=\"icon_minus-06\"><\/span>\n    <\/span>\n<\/span>\n<\/h4>\n<div  class=\"qode-accordion-content \" >\n    <div class=\"qode-accordion-content-inner\">\n        [vc_column_text]<\/p>\n<p>Mo\u017cemy zmodyfikowa\u0107 i dostosowa\u0107 przes\u0142ane pliki graficzne, ewentualnie pom\u00f3c stworzy\u0107 projekt wg. Pa\u0144stwa wytycznych. Czas realizacji zam\u00f3wienia mo\u017ce ulec wyd\u0142u\u017ceniu.<\/p>\n<p>[\/vc_column_text]    <\/div>\n<\/div><\/div>[\/vc_column][vc_column css_animation=&#8221;top-to-bottom&#8221; width=&#8221;1\/2&#8243; offset=&#8221;vc_col-lg-6 vc_col-md-6&#8243;]<div class=\"qode-accordion-holder clearfix qode-accordion qode-initial \">\n\t<h4 class=\"clearfix qode-title-holder\">\n<span class=\"qode-tab-title\">\n\t    <span class=\"qode-tab-title-inner\">\n        Czy mog\u0119 otrzyma\u0107 pr\u00f3bk\u0119 przedprodukcyjn\u0105 lub jej zdj\u0119cie?    <\/span>\n<\/span>\n<span class=\"qode-accordion-mark\">\n    <span class=\"qode-accordion-mark-icon\">\n        <span class=\"icon_plus\"><\/span>\n        <span class=\"icon_minus-06\"><\/span>\n    <\/span>\n<\/span>\n<\/h4>\n<div  class=\"qode-accordion-content \" >\n    <div class=\"qode-accordion-content-inner\">\n        [vc_column_text]<\/p>\n<p>Je\u015bli ilo\u015b\u0107 zam\u00f3wionego produktu jest wi\u0119ksza ni\u017c 8000 sztuk \u2013 dostarczamy pr\u00f3bk\u0119 przedprodukcyjn\u0105 gratis. W przypadku ilo\u015bci mniejszych \u2013 wy\u015blemy Pa\u0144stwu zdj\u0119cie pierwszej sztuki do akceptacji. Je\u017celi jednak uznacie Pa\u0144stwo otrzymanie pr\u00f3bki przedprodukcyjnej za konieczne \u2013 jej koszt to oko\u0142o 15 PLN netto (wliczony koszt transportu, cena mo\u017ce ulec nieznacznej zmianie).<\/p>\n<p>[\/vc_column_text]    <\/div>\n<\/div><h4 class=\"clearfix qode-title-holder\">\n<span class=\"qode-tab-title\">\n\t    <span class=\"qode-tab-title-inner\">\n        Czy mog\u0119 zmieni\u0107 grafik\u0119 produktu po z\u0142o\u017ceniu zam\u00f3wienia?    <\/span>\n<\/span>\n<span class=\"qode-accordion-mark\">\n    <span class=\"qode-accordion-mark-icon\">\n        <span class=\"icon_plus\"><\/span>\n        <span class=\"icon_minus-06\"><\/span>\n    <\/span>\n<\/span>\n<\/h4>\n<div  class=\"qode-accordion-content \" >\n    <div class=\"qode-accordion-content-inner\">\n        [vc_column_text]<\/p>\n<p>Dokonanie zmian w grafice po zaakceptowaniu wizualizacji jest mo\u017cliwe \u2013 zostaniecie Pa\u0144stwo jednak obci\u0105\u017ceni dodatkowymi kosztami w zale\u017cno\u015bci od post\u0119pu produkcji.<\/p>\n<p>[\/vc_column_text]    <\/div>\n<\/div><h4 class=\"clearfix qode-title-holder\">\n<span class=\"qode-tab-title\">\n\t    <span class=\"qode-tab-title-inner\">\n        Czy mog\u0119 zmieni\u0107 ilo\u015b\u0107 zam\u00f3wionych produkt\u00f3w?    <\/span>\n<\/span>\n<span class=\"qode-accordion-mark\">\n    <span class=\"qode-accordion-mark-icon\">\n        <span class=\"icon_plus\"><\/span>\n        <span class=\"icon_minus-06\"><\/span>\n    <\/span>\n<\/span>\n<\/h4>\n<div  class=\"qode-accordion-content \" >\n    <div class=\"qode-accordion-content-inner\">\n        [vc_column_text]<\/p>\n<p>Je\u017celi Twoje zam\u00f3wienie zosta\u0142o ju\u017c potwierdzone, istnieje tylko mo\u017cliwo\u015b\u0107 zwi\u0119kszenia ilo\u015bci zam\u00f3wionych produkt\u00f3w \u2013 mo\u017ce to jednak wi\u0105za\u0107 si\u0119 z przesuni\u0119ciem daty wysy\u0142ki.<\/p>\n<p>[\/vc_column_text]    <\/div>\n<\/div><h4 class=\"clearfix qode-title-holder\">\n<span class=\"qode-tab-title\">\n\t    <span class=\"qode-tab-title-inner\">\n        Jak mog\u0119 sprawdzi\u0107 status mojej przesy\u0142ki?    <\/span>\n<\/span>\n<span class=\"qode-accordion-mark\">\n    <span class=\"qode-accordion-mark-icon\">\n        <span class=\"icon_plus\"><\/span>\n        <span class=\"icon_minus-06\"><\/span>\n    <\/span>\n<\/span>\n<\/h4>\n<div  class=\"qode-accordion-content \" >\n    <div class=\"qode-accordion-content-inner\">\n        [vc_column_text]<\/p>\n<p>Przesy\u0142k\u0119 mo\u017cecie Pa\u0144stwo \u015bledzi\u0107 na stronie DHL lub UPS, u\u017cywaj\u0105c numeru listu przewozowego o kt\u00f3rym zostaniecie Pa\u0144stwo poinformowani e-mail&#8217;em w dniu wysy\u0142ki (dokument WZ.pdf).<\/p>\n<p>[\/vc_column_text]    <\/div>\n<\/div><h4 class=\"clearfix qode-title-holder\">\n<span class=\"qode-tab-title\">\n\t    <span class=\"qode-tab-title-inner\">\n        Jaki jest najpopularniejszy rozmiar znaczka?    <\/span>\n<\/span>\n<span class=\"qode-accordion-mark\">\n    <span class=\"qode-accordion-mark-icon\">\n        <span class=\"icon_plus\"><\/span>\n        <span class=\"icon_minus-06\"><\/span>\n    <\/span>\n<\/span>\n<\/h4>\n<div  class=\"qode-accordion-content \" >\n    <div class=\"qode-accordion-content-inner\">\n        [vc_column_text]<\/p>\n<p>Znaczek okr\u0105g\u0142y 56 mm to zdecydowanie najpopularniejszy rozmiar, najch\u0119tniej zamawiany przez naszych Klient\u00f3w. Na naszej stronie znajdziecie Pa\u0144stwo pozosta\u0142e rozmiary i kszta\u0142ty.<\/p>\n<p>[\/vc_column_text]    <\/div>\n<\/div><h4 class=\"clearfix qode-title-holder\">\n<span class=\"qode-tab-title\">\n\t    <span class=\"qode-tab-title-inner\">\n        Jakie s\u0105 dost\u0119pne formy wyko\u0144czenia znaczk\u00f3w?    <\/span>\n<\/span>\n<span class=\"qode-accordion-mark\">\n    <span class=\"qode-accordion-mark-icon\">\n        <span class=\"icon_plus\"><\/span>\n        <span class=\"icon_minus-06\"><\/span>\n    <\/span>\n<\/span>\n<\/h4>\n<div  class=\"qode-accordion-content \" >\n    <div class=\"qode-accordion-content-inner\">\n        [vc_column_text]<\/p>\n<p>W standardzie oferujemy wyko\u0144czenie b\u0142ysk lub mat. Za dop\u0142at\u0105 dost\u0119pne s\u0105: folie \u2013 szczotkowane aluminium, soft touch, odblaskowa, \u015bwiec\u0105ca w nocy oraz papiery \u2013 canvas (o strukturze p\u0142\u00f3tna), &#8220;sk\u00f3ra pancernika&#8221;, &#8220;sk\u00f3ra jaszczurki&#8221; oraz wyko\u0144czenie \u2013 metallic, lakierowanie UV.<\/p>\n<p>[\/vc_column_text]    <\/div>\n<\/div><\/div>[\/vc_column][\/vc_row][vc_row css_animation=&#8221;&#8221; row_type=&#8221;row&#8221; use_row_as_full_screen_section=&#8221;no&#8221; type=&#8221;full_width&#8221; angled_section=&#8221;no&#8221; text_align=&#8221;left&#8221; background_image_as_pattern=&#8221;without_pattern&#8221;][vc_column][vc_empty_space height=&#8221;3px&#8221;][\/vc_column][\/vc_row]<\/p>\n<\/div>","protected":false},"excerpt":{"rendered":"<p>[vc_row css_animation=&#8221;&#8221; row_type=&#8221;row&#8221; use_row_as_full_screen_section=&#8221;no&#8221; type=&#8221;grid&#8221; angled_section=&#8221;no&#8221; text_align=&#8221;left&#8221; background_image_as_pattern=&#8221;without_pattern&#8221; padding_top=&#8221;139&#8243; padding_bottom=&#8221;121&#8243; css=&#8221;.vc_custom_1509705557646{padding-top: 125px !important;}&#8221;][vc_column css_animation=&#8221;top-to-bottom&#8221; width=&#8221;1\/2&#8243; offset=&#8221;vc_col-lg-6 vc_col-md-6&#8243;][\/vc_column][vc_column css_animation=&#8221;top-to-bottom&#8221; width=&#8221;1\/2&#8243; offset=&#8221;vc_col-lg-6 vc_col-md-6&#8243;][\/vc_column][\/vc_row][vc_row css_animation=&#8221;&#8221; row_type=&#8221;row&#8221; use_row_as_full_screen_section=&#8221;no&#8221; type=&#8221;full_width&#8221; angled_section=&#8221;no&#8221; text_align=&#8221;left&#8221; background_image_as_pattern=&#8221;without_pattern&#8221;][vc_column][vc_empty_space height=&#8221;3px&#8221;][\/vc_column][\/vc_row]<\/p>\n","protected":false},"author":1,"featured_media":0,"parent":0,"menu_order":0,"comment_status":"closed","ping_status":"closed","template":"full_width.php","meta":{"footnotes":""},"class_list":["post-3512","page","type-page","status-publish","hentry"],"yoast_head":"<!-- This site is optimized with the Yoast SEO plugin v26.9 - https:\/\/yoast.com\/product\/yoast-seo-wordpress\/ -->\n<title>FAQ &#8211; Firma reklamowa Badge4u<\/title>\n<meta name=\"robots\" content=\"index, follow, max-snippet:-1, max-image-preview:large, max-video-preview:-1\" \/>\n<link rel=\"canonical\" href=\"https:\/\/www.badge4u.eu\/it\/faq\/\" \/>\n<meta property=\"og:locale\" content=\"it_IT\" \/>\n<meta property=\"og:type\" content=\"article\" \/>\n<meta property=\"og:title\" content=\"FAQ &#8211; Firma reklamowa Badge4u\" \/>\n<meta property=\"og:description\" content=\"[vc_row css_animation=&#8221;&#8221; row_type=&#8221;row&#8221; use_row_as_full_screen_section=&#8221;no&#8221; type=&#8221;grid&#8221; angled_section=&#8221;no&#8221; text_align=&#8221;left&#8221; background_image_as_pattern=&#8221;without_pattern&#8221; padding_top=&#8221;139&#8243; padding_bottom=&#8221;121&#8243; css=&#8221;.vc_custom_1509705557646{padding-top: 125px !important;}&#8221;][vc_column css_animation=&#8221;top-to-bottom&#8221; width=&#8221;1\/2&#8243; offset=&#8221;vc_col-lg-6 vc_col-md-6&#8243;][\/vc_column][vc_column css_animation=&#8221;top-to-bottom&#8221; width=&#8221;1\/2&#8243; offset=&#8221;vc_col-lg-6 vc_col-md-6&#8243;][\/vc_column][\/vc_row][vc_row css_animation=&#8221;&#8221; row_type=&#8221;row&#8221; use_row_as_full_screen_section=&#8221;no&#8221; type=&#8221;full_width&#8221; angled_section=&#8221;no&#8221; text_align=&#8221;left&#8221; background_image_as_pattern=&#8221;without_pattern&#8221;][vc_column][vc_empty_space height=&#8221;3px&#8221;][\/vc_column][\/vc_row]\" \/>\n<meta property=\"og:url\" content=\"https:\/\/www.badge4u.eu\/it\/faq\/\" \/>\n<meta property=\"og:site_name\" content=\"Firma reklamowa Badge4u\" \/>\n<meta property=\"article:publisher\" content=\"https:\/\/www.facebook.com\/badge4u.eu\/\" \/>\n<meta property=\"article:modified_time\" content=\"2019-06-12T07:58:27+00:00\" \/>\n<meta name=\"twitter:card\" content=\"summary_large_image\" \/>\n<meta name=\"twitter:label1\" content=\"Tempo di lettura stimato\" \/>\n\t<meta name=\"twitter:data1\" content=\"4 minuti\" \/>\n<script type=\"application\/ld+json\" class=\"yoast-schema-graph\">{\"@context\":\"https:\/\/schema.org\",\"@graph\":[{\"@type\":\"WebPage\",\"@id\":\"https:\/\/www.badge4u.eu\/it\/faq\/\",\"url\":\"https:\/\/www.badge4u.eu\/it\/faq\/\",\"name\":\"FAQ &#8211; Firma reklamowa Badge4u\",\"isPartOf\":{\"@id\":\"https:\/\/www.badge4u.eu\/#website\"},\"datePublished\":\"2017-11-03T10:11:44+00:00\",\"dateModified\":\"2019-06-12T07:58:27+00:00\",\"breadcrumb\":{\"@id\":\"https:\/\/www.badge4u.eu\/it\/faq\/#breadcrumb\"},\"inLanguage\":\"it-IT\",\"potentialAction\":[{\"@type\":\"ReadAction\",\"target\":[\"https:\/\/www.badge4u.eu\/it\/faq\/\"]}]},{\"@type\":\"BreadcrumbList\",\"@id\":\"https:\/\/www.badge4u.eu\/it\/faq\/#breadcrumb\",\"itemListElement\":[{\"@type\":\"ListItem\",\"position\":1,\"name\":\"Strona g\u0142\u00f3wna\",\"item\":\"https:\/\/www.badge4u.eu\/it\/\"},{\"@type\":\"ListItem\",\"position\":2,\"name\":\"FAQ\"}]},{\"@type\":\"WebSite\",\"@id\":\"https:\/\/www.badge4u.eu\/#website\",\"url\":\"https:\/\/www.badge4u.eu\/\",\"name\":\"Firma reklamowa Badge4u\",\"description\":\"\",\"publisher\":{\"@id\":\"https:\/\/www.badge4u.eu\/#organization\"},\"potentialAction\":[{\"@type\":\"SearchAction\",\"target\":{\"@type\":\"EntryPoint\",\"urlTemplate\":\"https:\/\/www.badge4u.eu\/?s={search_term_string}\"},\"query-input\":{\"@type\":\"PropertyValueSpecification\",\"valueRequired\":true,\"valueName\":\"search_term_string\"}}],\"inLanguage\":\"it-IT\"},{\"@type\":\"Organization\",\"@id\":\"https:\/\/www.badge4u.eu\/#organization\",\"name\":\"Badge4u\",\"url\":\"https:\/\/www.badge4u.eu\/\",\"logo\":{\"@type\":\"ImageObject\",\"inLanguage\":\"it-IT\",\"@id\":\"https:\/\/www.badge4u.eu\/#\/schema\/logo\/image\/\",\"url\":\"https:\/\/www.badge4u.eu\/wp-content\/uploads\/2019\/01\/badge4u-slider-logo.png\",\"contentUrl\":\"https:\/\/www.badge4u.eu\/wp-content\/uploads\/2019\/01\/badge4u-slider-logo.png\",\"width\":645,\"height\":202,\"caption\":\"Badge4u\"},\"image\":{\"@id\":\"https:\/\/www.badge4u.eu\/#\/schema\/logo\/image\/\"},\"sameAs\":[\"https:\/\/www.facebook.com\/badge4u.eu\/\",\"https:\/\/www.youtube.com\/channel\/UChbLl2bcMXA2qev0EeErhTQ\"]}]}<\/script>\n<!-- \/ Yoast SEO plugin. -->","yoast_head_json":{"title":"FAQ &#8211; Firma reklamowa Badge4u","robots":{"index":"index","follow":"follow","max-snippet":"max-snippet:-1","max-image-preview":"max-image-preview:large","max-video-preview":"max-video-preview:-1"},"canonical":"https:\/\/www.badge4u.eu\/it\/faq\/","og_locale":"it_IT","og_type":"article","og_title":"FAQ &#8211; Firma reklamowa Badge4u","og_description":"[vc_row css_animation=&#8221;&#8221; row_type=&#8221;row&#8221; use_row_as_full_screen_section=&#8221;no&#8221; type=&#8221;grid&#8221; angled_section=&#8221;no&#8221; text_align=&#8221;left&#8221; background_image_as_pattern=&#8221;without_pattern&#8221; padding_top=&#8221;139&#8243; padding_bottom=&#8221;121&#8243; css=&#8221;.vc_custom_1509705557646{padding-top: 125px !important;}&#8221;][vc_column css_animation=&#8221;top-to-bottom&#8221; width=&#8221;1\/2&#8243; offset=&#8221;vc_col-lg-6 vc_col-md-6&#8243;][\/vc_column][vc_column css_animation=&#8221;top-to-bottom&#8221; width=&#8221;1\/2&#8243; offset=&#8221;vc_col-lg-6 vc_col-md-6&#8243;][\/vc_column][\/vc_row][vc_row css_animation=&#8221;&#8221; row_type=&#8221;row&#8221; use_row_as_full_screen_section=&#8221;no&#8221; type=&#8221;full_width&#8221; angled_section=&#8221;no&#8221; text_align=&#8221;left&#8221; background_image_as_pattern=&#8221;without_pattern&#8221;][vc_column][vc_empty_space height=&#8221;3px&#8221;][\/vc_column][\/vc_row]","og_url":"https:\/\/www.badge4u.eu\/it\/faq\/","og_site_name":"Firma reklamowa Badge4u","article_publisher":"https:\/\/www.facebook.com\/badge4u.eu\/","article_modified_time":"2019-06-12T07:58:27+00:00","twitter_card":"summary_large_image","twitter_misc":{"Tempo di lettura stimato":"4 minuti"},"schema":{"@context":"https:\/\/schema.org","@graph":[{"@type":"WebPage","@id":"https:\/\/www.badge4u.eu\/it\/faq\/","url":"https:\/\/www.badge4u.eu\/it\/faq\/","name":"FAQ &#8211; Firma reklamowa Badge4u","isPartOf":{"@id":"https:\/\/www.badge4u.eu\/#website"},"datePublished":"2017-11-03T10:11:44+00:00","dateModified":"2019-06-12T07:58:27+00:00","breadcrumb":{"@id":"https:\/\/www.badge4u.eu\/it\/faq\/#breadcrumb"},"inLanguage":"it-IT","potentialAction":[{"@type":"ReadAction","target":["https:\/\/www.badge4u.eu\/it\/faq\/"]}]},{"@type":"BreadcrumbList","@id":"https:\/\/www.badge4u.eu\/it\/faq\/#breadcrumb","itemListElement":[{"@type":"ListItem","position":1,"name":"Strona g\u0142\u00f3wna","item":"https:\/\/www.badge4u.eu\/it\/"},{"@type":"ListItem","position":2,"name":"FAQ"}]},{"@type":"WebSite","@id":"https:\/\/www.badge4u.eu\/#website","url":"https:\/\/www.badge4u.eu\/","name":"Firma reklamowa Badge4u","description":"","publisher":{"@id":"https:\/\/www.badge4u.eu\/#organization"},"potentialAction":[{"@type":"SearchAction","target":{"@type":"EntryPoint","urlTemplate":"https:\/\/www.badge4u.eu\/?s={search_term_string}"},"query-input":{"@type":"PropertyValueSpecification","valueRequired":true,"valueName":"search_term_string"}}],"inLanguage":"it-IT"},{"@type":"Organization","@id":"https:\/\/www.badge4u.eu\/#organization","name":"Badge4u","url":"https:\/\/www.badge4u.eu\/","logo":{"@type":"ImageObject","inLanguage":"it-IT","@id":"https:\/\/www.badge4u.eu\/#\/schema\/logo\/image\/","url":"https:\/\/www.badge4u.eu\/wp-content\/uploads\/2019\/01\/badge4u-slider-logo.png","contentUrl":"https:\/\/www.badge4u.eu\/wp-content\/uploads\/2019\/01\/badge4u-slider-logo.png","width":645,"height":202,"caption":"Badge4u"},"image":{"@id":"https:\/\/www.badge4u.eu\/#\/schema\/logo\/image\/"},"sameAs":["https:\/\/www.facebook.com\/badge4u.eu\/","https:\/\/www.youtube.com\/channel\/UChbLl2bcMXA2qev0EeErhTQ"]}]}},"_links":{"self":[{"href":"https:\/\/www.badge4u.eu\/it\/wp-json\/wp\/v2\/pages\/3512","targetHints":{"allow":["GET"]}}],"collection":[{"href":"https:\/\/www.badge4u.eu\/it\/wp-json\/wp\/v2\/pages"}],"about":[{"href":"https:\/\/www.badge4u.eu\/it\/wp-json\/wp\/v2\/types\/page"}],"author":[{"embeddable":true,"href":"https:\/\/www.badge4u.eu\/it\/wp-json\/wp\/v2\/users\/1"}],"replies":[{"embeddable":true,"href":"https:\/\/www.badge4u.eu\/it\/wp-json\/wp\/v2\/comments?post=3512"}],"version-history":[{"count":0,"href":"https:\/\/www.badge4u.eu\/it\/wp-json\/wp\/v2\/pages\/3512\/revisions"}],"wp:attachment":[{"href":"https:\/\/www.badge4u.eu\/it\/wp-json\/wp\/v2\/media?parent=3512"}],"curies":[{"name":"wp","href":"https:\/\/api.w.org\/{rel}","templated":true}]}}