{"id":10954,"date":"2020-01-03T07:37:54","date_gmt":"2020-01-03T07:37:54","guid":{"rendered":"https:\/\/www.badge4u.eu\/?page_id=10954"},"modified":"2020-07-02T11:22:07","modified_gmt":"2020-07-02T11:22:07","slug":"data-protector","status":"publish","type":"page","link":"https:\/\/www.badge4u.eu\/fr\/data-protector\/","title":{"rendered":"Data protector"},"content":{"rendered":"<div class=\"wpb-content-wrapper\"><p>[vc_row css_animation=\u00a0\u00bb\u00a0\u00bb row_type=\u00a0\u00bbrow\u00a0\u00bb use_row_as_full_screen_section=\u00a0\u00bbno\u00a0\u00bb type=\u00a0\u00bbgrid\u00a0\u00bb angled_section=\u00a0\u00bbno\u00a0\u00bb text_align=\u00a0\u00bbleft\u00a0\u00bb background_image_as_pattern=\u00a0\u00bbwithout_pattern\u00a0\u00bb css=\u00a0\u00bb.vc_custom_1527421652658{padding-bottom: 75px !important;background-color: #ffffff !important;}\u00a0\u00bb z_index=\u00a0\u00bb\u00a0\u00bb][vc_column][qode_elements_holder number_of_columns=\u00a0\u00bbthree_columns\u00a0\u00bb][qode_elements_holder_item advanced_animations=\u00a0\u00bbno\u00a0\u00bb background_color=\u00a0\u00bb#eeeded\u00a0\u00bb item_padding=\u00a0\u00bb0px 15% 0px 12%\u00a0\u00bb item_padding_1280_1440=\u00a0\u00bb0px 15% 0px 15%\u00a0\u00bb item_padding_1024_1280=\u00a0\u00bb0px 15% 0px 15%\u00a0\u00bb item_padding_768_1024=\u00a0\u00bb0px 15% 0px 15%\u00a0\u00bb item_padding_600_768=\u00a0\u00bb20px 52% 100px 12%15%\u00a0\u00bb item_padding_480_600=\u00a0\u00bb40px 21% 100px 15%\u00a0\u00bb item_padding_480=\u00a0\u00bb40px 21% 100px 15%\u00a0\u00bb][vc_column_text]<\/p>\n<h1>Data protector<\/h1>\n<p>[\/vc_column_text][vc_empty_space height=\u00a0\u00bb18px\u00a0\u00bb][vc_column_text]Ce produit garde toutes vos donn\u00e9es en s\u00e9curit\u00e9 sur les appareils actifs, connect\u00e9s avec un c\u00e2ble USB. Il peut \u00eatre utilis\u00e9 dans les a\u00e9roports, dans les h\u00f4tels et autres stations de charge USB publiques.[\/vc_column_text][\/qode_elements_holder_item][qode_elements_holder_item advanced_animations=\u00a0\u00bbno\u00a0\u00bb background_image=\u00a0\u00bb11322&Prime; item_padding=\u00a0\u00bb240px 0px\u00a0\u00bb][\/qode_elements_holder_item][qode_elements_holder_item advanced_animations=\u00a0\u00bbno\u00a0\u00bb background_color=\u00a0\u00bb#ea2124&Prime; item_padding=\u00a0\u00bb0px 15% 0px 15%\u00a0\u00bb item_padding_1280_1440=\u00a0\u00bb0px 15% 0px 15%\u00a0\u00bb item_padding_1024_1280=\u00a0\u00bb0px 15% 0px 15%\u00a0\u00bb item_padding_768_1024=\u00a0\u00bb0px 21% 0px 15%\u00a0\u00bb item_padding_600_768=\u00a0\u00bb100px 52% 100px 15%\u00a0\u00bb item_padding_480_600=\u00a0\u00bb100px 18% 100px 15%\u00a0\u00bb item_padding_480=\u00a0\u00bb100px 18% 100px 15%\u00a0\u00bb][vc_column_text]<\/p>\n<h3><span style=\"color: #ffffff;\">Informations<\/span><\/h3>\n<p>[\/vc_column_text][vc_empty_space height=\u00a0\u00bb15px\u00a0\u00bb][vc_column_text]<span style=\"color: #ffffff;\"><strong>Dimension:<\/strong> 26\u00d728 mm<\/span><br \/>\n<span style=\"color: #ffffff;\"><strong>Couleurs disponibles:<\/strong> noir \/ blanc<\/span><br \/>\n<span style=\"color: #ffffff;\"><strong>Impression:<\/strong> UV<\/span>[\/vc_column_text][\/qode_elements_holder_item][\/qode_elements_holder][\/vc_column][\/vc_row][vc_row css_animation=\u00a0\u00bb\u00a0\u00bb row_type=\u00a0\u00bbrow\u00a0\u00bb use_row_as_full_screen_section=\u00a0\u00bbno\u00a0\u00bb type=\u00a0\u00bbgrid\u00a0\u00bb angled_section=\u00a0\u00bbno\u00a0\u00bb text_align=\u00a0\u00bbleft\u00a0\u00bb background_image_as_pattern=\u00a0\u00bbwithout_pattern\u00a0\u00bb z_index=\u00a0\u00bb\u00a0\u00bb css=\u00a0\u00bb.vc_custom_1527421881649{background-color: #ffffff !important;}\u00a0\u00bb][vc_column][vc_column_text]<\/p>\n<h2 style=\"text-align: center;\">Principales caract\u00e9ristiques<\/h2>\n<p>[\/vc_column_text][vc_empty_space height=\u00a0\u00bb36px\u00a0\u00bb][vc_row_inner row_type=\u00a0\u00bbrow\u00a0\u00bb type=\u00a0\u00bbfull_width\u00a0\u00bb text_align=\u00a0\u00bbleft\u00a0\u00bb row_negative_margin=\u00a0\u00bbdisable_negative_margin\u00a0\u00bb css_animation=\u00a0\u00bb\u00a0\u00bb background_color=\u00a0\u00bb#dd9933&Prime; css=\u00a0\u00bb.vc_custom_1527172472173{background-color: #f1f1f1 !important;}\u00a0\u00bb][vc_column_inner width=\u00a0\u00bb1\/3&Prime; css=\u00a0\u00bb.vc_custom_1527172379954{background-color: #f1f1f1 !important;}\u00a0\u00bb]<div class='service_table_holder'><ul class='service_table_inner'><li class='service_table_title_holder background_color_type' style='background-color: #f1f1f1;'><div class='service_table_title_inner'><div class='service_table_title_inner2'><h3 class='service_title' style=''>Universel<\/h3><i class=\"qode_icon_font_awesome fa fa-exchange fa-3x\" style=\"\" ><\/i><\/div><\/div><\/li><li class='service_table_content' style='background-color: #f1f1f1;'><\/li><\/ul><\/div>[vc_separator type=\u00a0\u00bbtransparent\u00a0\u00bb up=\u00a0\u00bb10&Prime; down=\u00a0\u00bb10&Prime;][\/vc_column_inner][vc_column_inner width=\u00a0\u00bb1\/3&Prime; css=\u00a0\u00bb.vc_custom_1527172387746{background-color: #f1f1f1 !important;}\u00a0\u00bb]<div class='service_table_holder'><ul class='service_table_inner'><li class='service_table_title_holder background_color_type' style='background-color: #f1f1f1;'><div class='service_table_title_inner'><div class='service_table_title_inner2'><h3 class='service_title' style=''>Petite taille<\/h3><i class=\"qode_icon_font_awesome fa fa-expand fa-3x\" style=\"\" ><\/i><\/div><\/div><\/li><li class='service_table_content' style='background-color: #f1f1f1;'><\/li><\/ul><\/div>[vc_separator type=\u00a0\u00bbtransparent\u00a0\u00bb up=\u00a0\u00bb26&Prime; down=\u00a0\u00bb0&Prime;][\/vc_column_inner][vc_column_inner width=\u00a0\u00bb1\/3&Prime; css=\u00a0\u00bb.vc_custom_1527172393802{background-color: #f1f1f1 !important;}\u00a0\u00bb]<div class='service_table_holder'><ul class='service_table_inner'><li class='service_table_title_holder background_color_type' style='background-color: #f1f1f1;'><div class='service_table_title_inner'><div class='service_table_title_inner2'><h3 class='service_title' style=''>Impression UV<\/h3><i class=\"qode_icon_font_awesome fa fa-tint fa-3x\" style=\"color: #dd3333 !important;\" ><\/i><\/div><\/div><\/li><li class='service_table_content' style='background-color: #f1f1f1;'><\/li><\/ul><\/div>[vc_separator type=\u00a0\u00bbtransparent\u00a0\u00bb up=\u00a0\u00bb26&Prime; down=\u00a0\u00bb0&Prime;][vc_separator type=\u00a0\u00bbtransparent\u00a0\u00bb up=\u00a0\u00bb26&Prime; down=\u00a0\u00bb0&Prime;][\/vc_column_inner][\/vc_row_inner][\/vc_column][\/vc_row][vc_row css_animation=\u00a0\u00bb\u00a0\u00bb row_type=\u00a0\u00bbrow\u00a0\u00bb use_row_as_full_screen_section=\u00a0\u00bbno\u00a0\u00bb type=\u00a0\u00bbgrid\u00a0\u00bb angled_section=\u00a0\u00bbno\u00a0\u00bb text_align=\u00a0\u00bbleft\u00a0\u00bb background_image_as_pattern=\u00a0\u00bbwithout_pattern\u00a0\u00bb background_color=\u00a0\u00bb#ffffff\u00a0\u00bb css=\u00a0\u00bb.vc_custom_1578031778875{padding-top: 75px !important;padding-bottom: 75px !important;background-color: #ffffff !important;}\u00a0\u00bb z_index=\u00a0\u00bb\u00a0\u00bb][vc_column][vc_column_text]<\/p>\n<h2 style=\"text-align: center;\">Mod\u00e8les<\/h2>\n<p>[\/vc_column_text][vc_empty_space height=\u00a0\u00bb36px\u00a0\u00bb][vc_row_inner row_type=\u00a0\u00bbrow\u00a0\u00bb type=\u00a0\u00bbfull_width\u00a0\u00bb text_align=\u00a0\u00bbleft\u00a0\u00bb css_animation=\u00a0\u00bb\u00a0\u00bb][vc_column_inner width=\u00a0\u00bb1\/2&Prime;]<div class=\"q_image_with_text_over\"><div class=\"shader\" ><\/div><img decoding=\"async\" itemprop=\"image\" src=\"https:\/\/www.badge4u.eu\/wp-content\/uploads\/2019\/01\/szablony-templates-download.png\" alt=\"Badge4u \u2013 Download template \u2013 Pobierz szablon\" \/><div class=\"text\"><table><tr><td><i class=\"qode_icon_font_awesome fa fa-download icon_holder fa-3x\" style=\"color: #ffffff;border-color: rgba(255,255,255,0.6);\" ><\/i><h3 class=\"caption \" style=\"\">T\u00e9l\u00e9charger le mod\u00e8le (.pdf)<\/h3><\/td><\/tr><\/table><table><tr><td><div class=\"desc\">Gardez les couleurs en quadrichromie<br \/>\nR\u00e9solution min. 300 dpi<br \/>\nConvertissez les polices en courbes<br \/>\nFond perdu min. 3 mm<\/p>\n<p>[vc_separator type=&rsquo;transparent&rsquo; position=&rsquo;center&rsquo; color=\u00a0\u00bb thickness=\u00a0\u00bb up=&rsquo;10&rsquo; down=&rsquo;10&rsquo;]<\/p>\n<p><a  itemprop=\"url\" href=\"\/wp-content\/uploads\/templates\/data-protector.pdf\" target=\"_self\" data-hover-border-color=\"#ea4649\" class=\"qbutton  default\" style=\"color: #ffffff; border-color: #ea2124; \">T\u00c9L\u00c9CHARGER<\/a><\/div><\/td><\/tr><\/table><\/div><\/div>[\/vc_column_inner][vc_column_inner width=\u00a0\u00bb1\/2&Prime;]<div class=\"q_image_with_text_over\"><div class=\"shader\" ><\/div><img decoding=\"async\" itemprop=\"image\" src=\"https:\/\/www.badge4u.eu\/wp-content\/uploads\/2019\/01\/szablony-templates-download.png\" alt=\"Badge4u \u2013 Download template \u2013 Pobierz szablon\" \/><div class=\"text\"><table><tr><td><i class=\"qode_icon_font_awesome fa fa-download icon_holder fa-3x\" style=\"color: #ffffff;border-color: rgba(255,255,255,0.6);\" ><\/i><h3 class=\"caption \" style=\"\">T\u00e9l\u00e9charger le mod\u00e8le (.eps)<\/h3><\/td><\/tr><\/table><table><tr><td><div class=\"desc\">Gardez les couleurs en quadrichromie<br \/>\nR\u00e9solution min. 300 dpi<br \/>\nConvertissez les polices en courbes<br \/>\nFond perdu min. 3 mm<\/p>\n<p>[vc_separator type=&rsquo;transparent&rsquo; position=&rsquo;center&rsquo; color=\u00a0\u00bb thickness=\u00a0\u00bb up=&rsquo;10&rsquo; down=&rsquo;10&rsquo;]<\/p>\n<p><a  itemprop=\"url\" href=\"\/wp-content\/uploads\/templates\/data-protector.eps\" target=\"_self\" data-hover-border-color=\"#ea4649\" class=\"qbutton  default\" style=\"color: #ffffff; border-color: #ea2124; \">T\u00c9L\u00c9CHARGER<\/a><\/div><\/td><\/tr><\/table><\/div><\/div>[\/vc_column_inner][\/vc_row_inner][\/vc_column][\/vc_row][vc_row css_animation=\u00a0\u00bb\u00a0\u00bb row_type=\u00a0\u00bbrow\u00a0\u00bb use_row_as_full_screen_section=\u00a0\u00bbno\u00a0\u00bb type=\u00a0\u00bbfull_width\u00a0\u00bb angled_section=\u00a0\u00bbno\u00a0\u00bb text_align=\u00a0\u00bbleft\u00a0\u00bb background_image_as_pattern=\u00a0\u00bbwithout_pattern\u00a0\u00bb css=\u00a0\u00bb.vc_custom_1527422201726{background-color: #ffffff !important;}\u00a0\u00bb z_index=\u00a0\u00bb\u00a0\u00bb][vc_column]<div class=\"call_to_action normal\" style=\"background-color: #ea2124;padding-top: 45px;padding-bottom: 45px;\"><div class=\"container_inner\"><div class=\"two_columns_75_25 clearfix\"><div class=\"text_wrapper column1\"><div class=\"call_to_action_text \" style=\"\">\n<p style=\"text-align: left\"><span style=\"font-size: 22px;color: #ffffff\"><strong>FAQ<\/strong> \u2013 foire aux questions.<\/span><\/p>\n<\/div><\/div><div class=\"button_wrapper column2\"><a itemprop=\"url\" href=\"\/fr\/faq\" class=\"qbutton white big_large\" target=\"_self\" style=\"color: #ea2124;background-color:#ffffff;\" data-hover-background-color=#f6f6f6 data-hover-border-color=#ffffff data-hover-color=#ea4649>D\u00c9TAILS<\/a><\/div><\/div><\/div><\/div>[\/vc_column][\/vc_row]<\/p>\n<\/div>","protected":false},"excerpt":{"rendered":"<p>[vc_row css_animation=\u00a0\u00bb\u00a0\u00bb row_type=\u00a0\u00bbrow\u00a0\u00bb use_row_as_full_screen_section=\u00a0\u00bbno\u00a0\u00bb type=\u00a0\u00bbgrid\u00a0\u00bb angled_section=\u00a0\u00bbno\u00a0\u00bb text_align=\u00a0\u00bbleft\u00a0\u00bb background_image_as_pattern=\u00a0\u00bbwithout_pattern\u00a0\u00bb css=\u00a0\u00bb.vc_custom_1527421652658{padding-bottom: 75px !important;background-color: #ffffff !important;}\u00a0\u00bb z_index=\u00a0\u00bb\u00a0\u00bb][vc_column][qode_elements_holder number_of_columns=\u00a0\u00bbthree_columns\u00a0\u00bb][qode_elements_holder_item advanced_animations=\u00a0\u00bbno\u00a0\u00bb background_color=\u00a0\u00bb#eeeded\u00a0\u00bb item_padding=\u00a0\u00bb0px 15% 0px 12%\u00a0\u00bb item_padding_1280_1440=\u00a0\u00bb0px 15% 0px 15%\u00a0\u00bb item_padding_1024_1280=\u00a0\u00bb0px 15% 0px 15%\u00a0\u00bb item_padding_768_1024=\u00a0\u00bb0px 15% 0px 15%\u00a0\u00bb item_padding_600_768=\u00a0\u00bb20px 52% 100px 12%15%\u00a0\u00bb item_padding_480_600=\u00a0\u00bb40px 21% 100px 15%\u00a0\u00bb item_padding_480=\u00a0\u00bb40px 21% 100px 15%\u00a0\u00bb][vc_column_text]&#8230;<\/p>\n","protected":false},"author":1,"featured_media":0,"parent":0,"menu_order":0,"comment_status":"closed","ping_status":"closed","template":"full_width.php","meta":{"footnotes":""},"class_list":["post-10954","page","type-page","status-publish","hentry"],"yoast_head":"<!-- This site is optimized with the Yoast SEO plugin v26.9 - https:\/\/yoast.com\/product\/yoast-seo-wordpress\/ -->\n<title>Data protector &#8211; Firma reklamowa Badge4u<\/title>\n<meta name=\"robots\" content=\"index, follow, max-snippet:-1, max-image-preview:large, max-video-preview:-1\" \/>\n<link rel=\"canonical\" href=\"https:\/\/www.badge4u.eu\/fr\/data-protector\/\" \/>\n<meta property=\"og:locale\" content=\"fr_FR\" \/>\n<meta property=\"og:type\" content=\"article\" \/>\n<meta property=\"og:title\" content=\"Data protector &#8211; Firma reklamowa Badge4u\" \/>\n<meta property=\"og:description\" content=\"[vc_row css_animation=\u00a0\u00bb\u00a0\u00bb row_type=\u00a0\u00bbrow\u00a0\u00bb use_row_as_full_screen_section=\u00a0\u00bbno\u00a0\u00bb type=\u00a0\u00bbgrid\u00a0\u00bb angled_section=\u00a0\u00bbno\u00a0\u00bb text_align=\u00a0\u00bbleft\u00a0\u00bb background_image_as_pattern=\u00a0\u00bbwithout_pattern\u00a0\u00bb css=\u00a0\u00bb.vc_custom_1527421652658{padding-bottom: 75px !important;background-color: #ffffff !important;}\u00a0\u00bb z_index=\u00a0\u00bb\u00a0\u00bb][vc_column][qode_elements_holder number_of_columns=\u00a0\u00bbthree_columns\u00a0\u00bb][qode_elements_holder_item advanced_animations=\u00a0\u00bbno\u00a0\u00bb background_color=\u00a0\u00bb#eeeded\u00a0\u00bb item_padding=\u00a0\u00bb0px 15% 0px 12%\u00a0\u00bb item_padding_1280_1440=\u00a0\u00bb0px 15% 0px 15%\u00a0\u00bb item_padding_1024_1280=\u00a0\u00bb0px 15% 0px 15%\u00a0\u00bb item_padding_768_1024=\u00a0\u00bb0px 15% 0px 15%\u00a0\u00bb item_padding_600_768=\u00a0\u00bb20px 52% 100px 12%15%\u00a0\u00bb item_padding_480_600=\u00a0\u00bb40px 21% 100px 15%\u00a0\u00bb item_padding_480=\u00a0\u00bb40px 21% 100px 15%\u00a0\u00bb][vc_column_text]...\" \/>\n<meta property=\"og:url\" content=\"https:\/\/www.badge4u.eu\/fr\/data-protector\/\" \/>\n<meta property=\"og:site_name\" content=\"Firma reklamowa Badge4u\" \/>\n<meta property=\"article:publisher\" content=\"https:\/\/www.facebook.com\/badge4u.eu\/\" \/>\n<meta property=\"article:modified_time\" content=\"2020-07-02T11:22:07+00:00\" \/>\n<meta name=\"twitter:card\" content=\"summary_large_image\" \/>\n<meta name=\"twitter:label1\" content=\"Dur\u00e9e de lecture estim\u00e9e\" \/>\n\t<meta name=\"twitter:data1\" content=\"4 minutes\" \/>\n<script type=\"application\/ld+json\" class=\"yoast-schema-graph\">{\"@context\":\"https:\/\/schema.org\",\"@graph\":[{\"@type\":\"WebPage\",\"@id\":\"https:\/\/www.badge4u.eu\/fr\/data-protector\/\",\"url\":\"https:\/\/www.badge4u.eu\/fr\/data-protector\/\",\"name\":\"Data protector &#8211; Firma reklamowa Badge4u\",\"isPartOf\":{\"@id\":\"https:\/\/www.badge4u.eu\/#website\"},\"datePublished\":\"2020-01-03T07:37:54+00:00\",\"dateModified\":\"2020-07-02T11:22:07+00:00\",\"breadcrumb\":{\"@id\":\"https:\/\/www.badge4u.eu\/fr\/data-protector\/#breadcrumb\"},\"inLanguage\":\"fr-FR\",\"potentialAction\":[{\"@type\":\"ReadAction\",\"target\":[\"https:\/\/www.badge4u.eu\/fr\/data-protector\/\"]}]},{\"@type\":\"BreadcrumbList\",\"@id\":\"https:\/\/www.badge4u.eu\/fr\/data-protector\/#breadcrumb\",\"itemListElement\":[{\"@type\":\"ListItem\",\"position\":1,\"name\":\"Strona g\u0142\u00f3wna\",\"item\":\"https:\/\/www.badge4u.eu\/fr\/\"},{\"@type\":\"ListItem\",\"position\":2,\"name\":\"Data protector\"}]},{\"@type\":\"WebSite\",\"@id\":\"https:\/\/www.badge4u.eu\/#website\",\"url\":\"https:\/\/www.badge4u.eu\/\",\"name\":\"Firma reklamowa Badge4u\",\"description\":\"\",\"publisher\":{\"@id\":\"https:\/\/www.badge4u.eu\/#organization\"},\"potentialAction\":[{\"@type\":\"SearchAction\",\"target\":{\"@type\":\"EntryPoint\",\"urlTemplate\":\"https:\/\/www.badge4u.eu\/?s={search_term_string}\"},\"query-input\":{\"@type\":\"PropertyValueSpecification\",\"valueRequired\":true,\"valueName\":\"search_term_string\"}}],\"inLanguage\":\"fr-FR\"},{\"@type\":\"Organization\",\"@id\":\"https:\/\/www.badge4u.eu\/#organization\",\"name\":\"Badge4u\",\"url\":\"https:\/\/www.badge4u.eu\/\",\"logo\":{\"@type\":\"ImageObject\",\"inLanguage\":\"fr-FR\",\"@id\":\"https:\/\/www.badge4u.eu\/#\/schema\/logo\/image\/\",\"url\":\"https:\/\/www.badge4u.eu\/wp-content\/uploads\/2019\/01\/badge4u-slider-logo.png\",\"contentUrl\":\"https:\/\/www.badge4u.eu\/wp-content\/uploads\/2019\/01\/badge4u-slider-logo.png\",\"width\":645,\"height\":202,\"caption\":\"Badge4u\"},\"image\":{\"@id\":\"https:\/\/www.badge4u.eu\/#\/schema\/logo\/image\/\"},\"sameAs\":[\"https:\/\/www.facebook.com\/badge4u.eu\/\",\"https:\/\/www.youtube.com\/channel\/UChbLl2bcMXA2qev0EeErhTQ\"]}]}<\/script>\n<!-- \/ Yoast SEO plugin. -->","yoast_head_json":{"title":"Data protector &#8211; Firma reklamowa Badge4u","robots":{"index":"index","follow":"follow","max-snippet":"max-snippet:-1","max-image-preview":"max-image-preview:large","max-video-preview":"max-video-preview:-1"},"canonical":"https:\/\/www.badge4u.eu\/fr\/data-protector\/","og_locale":"fr_FR","og_type":"article","og_title":"Data protector &#8211; Firma reklamowa Badge4u","og_description":"[vc_row css_animation=\u00a0\u00bb\u00a0\u00bb row_type=\u00a0\u00bbrow\u00a0\u00bb use_row_as_full_screen_section=\u00a0\u00bbno\u00a0\u00bb type=\u00a0\u00bbgrid\u00a0\u00bb angled_section=\u00a0\u00bbno\u00a0\u00bb text_align=\u00a0\u00bbleft\u00a0\u00bb background_image_as_pattern=\u00a0\u00bbwithout_pattern\u00a0\u00bb css=\u00a0\u00bb.vc_custom_1527421652658{padding-bottom: 75px !important;background-color: #ffffff !important;}\u00a0\u00bb z_index=\u00a0\u00bb\u00a0\u00bb][vc_column][qode_elements_holder number_of_columns=\u00a0\u00bbthree_columns\u00a0\u00bb][qode_elements_holder_item advanced_animations=\u00a0\u00bbno\u00a0\u00bb background_color=\u00a0\u00bb#eeeded\u00a0\u00bb item_padding=\u00a0\u00bb0px 15% 0px 12%\u00a0\u00bb item_padding_1280_1440=\u00a0\u00bb0px 15% 0px 15%\u00a0\u00bb item_padding_1024_1280=\u00a0\u00bb0px 15% 0px 15%\u00a0\u00bb item_padding_768_1024=\u00a0\u00bb0px 15% 0px 15%\u00a0\u00bb item_padding_600_768=\u00a0\u00bb20px 52% 100px 12%15%\u00a0\u00bb item_padding_480_600=\u00a0\u00bb40px 21% 100px 15%\u00a0\u00bb item_padding_480=\u00a0\u00bb40px 21% 100px 15%\u00a0\u00bb][vc_column_text]...","og_url":"https:\/\/www.badge4u.eu\/fr\/data-protector\/","og_site_name":"Firma reklamowa Badge4u","article_publisher":"https:\/\/www.facebook.com\/badge4u.eu\/","article_modified_time":"2020-07-02T11:22:07+00:00","twitter_card":"summary_large_image","twitter_misc":{"Dur\u00e9e de lecture estim\u00e9e":"4 minutes"},"schema":{"@context":"https:\/\/schema.org","@graph":[{"@type":"WebPage","@id":"https:\/\/www.badge4u.eu\/fr\/data-protector\/","url":"https:\/\/www.badge4u.eu\/fr\/data-protector\/","name":"Data protector &#8211; Firma reklamowa Badge4u","isPartOf":{"@id":"https:\/\/www.badge4u.eu\/#website"},"datePublished":"2020-01-03T07:37:54+00:00","dateModified":"2020-07-02T11:22:07+00:00","breadcrumb":{"@id":"https:\/\/www.badge4u.eu\/fr\/data-protector\/#breadcrumb"},"inLanguage":"fr-FR","potentialAction":[{"@type":"ReadAction","target":["https:\/\/www.badge4u.eu\/fr\/data-protector\/"]}]},{"@type":"BreadcrumbList","@id":"https:\/\/www.badge4u.eu\/fr\/data-protector\/#breadcrumb","itemListElement":[{"@type":"ListItem","position":1,"name":"Strona g\u0142\u00f3wna","item":"https:\/\/www.badge4u.eu\/fr\/"},{"@type":"ListItem","position":2,"name":"Data protector"}]},{"@type":"WebSite","@id":"https:\/\/www.badge4u.eu\/#website","url":"https:\/\/www.badge4u.eu\/","name":"Firma reklamowa Badge4u","description":"","publisher":{"@id":"https:\/\/www.badge4u.eu\/#organization"},"potentialAction":[{"@type":"SearchAction","target":{"@type":"EntryPoint","urlTemplate":"https:\/\/www.badge4u.eu\/?s={search_term_string}"},"query-input":{"@type":"PropertyValueSpecification","valueRequired":true,"valueName":"search_term_string"}}],"inLanguage":"fr-FR"},{"@type":"Organization","@id":"https:\/\/www.badge4u.eu\/#organization","name":"Badge4u","url":"https:\/\/www.badge4u.eu\/","logo":{"@type":"ImageObject","inLanguage":"fr-FR","@id":"https:\/\/www.badge4u.eu\/#\/schema\/logo\/image\/","url":"https:\/\/www.badge4u.eu\/wp-content\/uploads\/2019\/01\/badge4u-slider-logo.png","contentUrl":"https:\/\/www.badge4u.eu\/wp-content\/uploads\/2019\/01\/badge4u-slider-logo.png","width":645,"height":202,"caption":"Badge4u"},"image":{"@id":"https:\/\/www.badge4u.eu\/#\/schema\/logo\/image\/"},"sameAs":["https:\/\/www.facebook.com\/badge4u.eu\/","https:\/\/www.youtube.com\/channel\/UChbLl2bcMXA2qev0EeErhTQ"]}]}},"_links":{"self":[{"href":"https:\/\/www.badge4u.eu\/fr\/wp-json\/wp\/v2\/pages\/10954","targetHints":{"allow":["GET"]}}],"collection":[{"href":"https:\/\/www.badge4u.eu\/fr\/wp-json\/wp\/v2\/pages"}],"about":[{"href":"https:\/\/www.badge4u.eu\/fr\/wp-json\/wp\/v2\/types\/page"}],"author":[{"embeddable":true,"href":"https:\/\/www.badge4u.eu\/fr\/wp-json\/wp\/v2\/users\/1"}],"replies":[{"embeddable":true,"href":"https:\/\/www.badge4u.eu\/fr\/wp-json\/wp\/v2\/comments?post=10954"}],"version-history":[{"count":0,"href":"https:\/\/www.badge4u.eu\/fr\/wp-json\/wp\/v2\/pages\/10954\/revisions"}],"wp:attachment":[{"href":"https:\/\/www.badge4u.eu\/fr\/wp-json\/wp\/v2\/media?parent=10954"}],"curies":[{"name":"wp","href":"https:\/\/api.w.org\/{rel}","templated":true}]}}