{"id":3654,"date":"2018-09-01T16:03:28","date_gmt":"2018-09-01T16:03:28","guid":{"rendered":"https:\/\/www.badge4u.eu\/mobile-ring\/"},"modified":"2020-07-17T09:54:30","modified_gmt":"2020-07-17T09:54:30","slug":"mobile-ring","status":"publish","type":"page","link":"https:\/\/www.badge4u.eu\/es\/mobile-ring\/","title":{"rendered":"Mobile ring"},"content":{"rendered":"<div class=\"wpb-content-wrapper\"><p>[vc_row css_animation=\u00bb\u00bb row_type=\u00bbrow\u00bb use_row_as_full_screen_section=\u00bbno\u00bb type=\u00bbgrid\u00bb angled_section=\u00bbno\u00bb text_align=\u00bbleft\u00bb background_image_as_pattern=\u00bbwithout_pattern\u00bb css=\u00bb.vc_custom_1527421652658{padding-bottom: 75px !important;background-color: #ffffff !important;}\u00bb z_index=\u00bb\u00bb][vc_column][qode_elements_holder number_of_columns=\u00bbthree_columns\u00bb][qode_elements_holder_item advanced_animations=\u00bbno\u00bb background_color=\u00bb#eeeded\u00bb item_padding=\u00bb0px 15% 0px 12%\u00bb item_padding_1280_1440=\u00bb0px 15% 0px 15%\u00bb item_padding_1024_1280=\u00bb0px 15% 0px 15%\u00bb item_padding_768_1024=\u00bb0px 30% 0px 15%\u00bb item_padding_600_768=\u00bb20px 52% 100px 12%15%\u00bb item_padding_480_600=\u00bb40px 21% 100px 15%\u00bb item_padding_480=\u00bb40px 21% 100px 15%\u00bb][vc_column_text]<\/p>\n<h1>Mobile Ring<\/h1>\n<p>[\/vc_column_text][vc_empty_space][vc_column_text]<\/p>\n<p style=\"text-align: justify;\">Un gadget gracias al cual el uso de tel\u00e9fonos m\u00f3viles y tablets nunca ha sido tan conveniente y seguro. El uso del mobile ring como soporte le permite ver pel\u00edculas y usar las aplicaciones de manera conveniente.<\/p>\n<p>[\/vc_column_text][\/qode_elements_holder_item][qode_elements_holder_item advanced_animations=\u00bbno\u00bb background_image=\u00bb3152&#8243; item_padding=\u00bb240px 0px\u00bb][\/qode_elements_holder_item][qode_elements_holder_item advanced_animations=\u00bbno\u00bb background_image=\u00bb3153&#8243; item_padding=\u00bb240px 0px\u00bb][\/qode_elements_holder_item][\/qode_elements_holder][qode_elements_holder number_of_columns=\u00bbthree_columns\u00bb][qode_elements_holder_item advanced_animations=\u00bbno\u00bb background_image=\u00bb3154&#8243; item_padding=\u00bb240px 0px\u00bb][\/qode_elements_holder_item][qode_elements_holder_item advanced_animations=\u00bbno\u00bb background_image=\u00bb3155&#8243; item_padding=\u00bb240px 0px\u00bb][\/qode_elements_holder_item][qode_elements_holder_item advanced_animations=\u00bbno\u00bb background_color=\u00bb#ea2124&#8243; item_padding=\u00bb0px 15% 0px 15%\u00bb item_padding_1280_1440=\u00bb0px 15% 0px 15%\u00bb item_padding_1024_1280=\u00bb0px 15% 0px 15%\u00bb item_padding_768_1024=\u00bb0px 21% 0px 15%\u00bb item_padding_600_768=\u00bb100px 52% 100px 15%\u00bb item_padding_480_600=\u00bb100px 18% 100px 15%\u00bb item_padding_480=\u00bb100px 18% 100px 15%\u00bb][vc_column_text]<\/p>\n<h3><span style=\"color: #ffffff;\">Informaci\u00f3n adicional<\/span><\/h3>\n<p>[\/vc_column_text][vc_empty_space height=\u00bb15px\u00bb][vc_column_text]<\/p>\n<div class=\"page\" title=\"Page 2\">\n<div class=\"section\">\n<div class=\"layoutArea\">\n<div class=\"column\">\n<p><span style=\"color: #ffffff;\"><strong>Tama\u00f1o:<\/strong> 35\u00d745 mm<\/span><\/p>\n<\/div>\n<\/div>\n<\/div>\n<\/div>\n<p>[\/vc_column_text][vc_empty_space height=\u00bb8px\u00bb][vc_column_text]<\/p>\n<div class=\"page\" title=\"Page 2\">\n<div class=\"section\">\n<div class=\"layoutArea\">\n<div class=\"column\">\n<p><span style=\"color: #ffffff;\"><strong>Acabado:<\/strong> impresi\u00f3n UV \/ pegatina resinada o plana<\/span><\/p>\n<\/div>\n<\/div>\n<\/div>\n<\/div>\n<p>[\/vc_column_text][vc_empty_space height=\u00bb8px\u00bb][vc_column_text]<span style=\"color: #ffffff;\"><strong>Colores disponibles:<\/strong> verde \/ amarillo \/ azul \/ negro \/ naranja \/ rosa \/ blanco<\/span>[\/vc_column_text][vc_empty_space height=\u00bb8px\u00bb][vc_column_text]<\/p>\n<p style=\"text-align: justify;\"><span style=\"color: #ffffff;\"><strong>Tama\u00f1o del cart\u00f3n:<\/strong> 85\u00d755 mm<\/span><\/p>\n<p>[\/vc_column_text][vc_empty_space height=\u00bb8px\u00bb][vc_column_text]<span style=\"color: #ffffff;\"><strong>Material:<\/strong> papel<\/span>[\/vc_column_text][vc_empty_space height=\u00bb8px\u00bb][vc_column_text]<span style=\"color: #ffffff;\"><strong>Acabado:<\/strong> l\u00e1mina<\/span>[\/vc_column_text][\/qode_elements_holder_item][\/qode_elements_holder][\/vc_column][\/vc_row][vc_row css_animation=\u00bb\u00bb row_type=\u00bbrow\u00bb use_row_as_full_screen_section=\u00bbno\u00bb type=\u00bbgrid\u00bb angled_section=\u00bbno\u00bb text_align=\u00bbleft\u00bb background_image_as_pattern=\u00bbwithout_pattern\u00bb z_index=\u00bb\u00bb css=\u00bb.vc_custom_1527421881649{background-color: #ffffff !important;}\u00bb][vc_column][vc_column_text]<\/p>\n<h2 style=\"text-align: center;\">Caracter\u00edsticas principales<\/h2>\n<p>[\/vc_column_text][vc_empty_space height=\u00bb36px\u00bb][vc_row_inner row_type=\u00bbrow\u00bb type=\u00bbfull_width\u00bb text_align=\u00bbleft\u00bb row_negative_margin=\u00bbdisable_negative_margin\u00bb css_animation=\u00bb\u00bb background_color=\u00bb#dd9933&#8243; css=\u00bb.vc_custom_1527172472173{background-color: #f1f1f1 !important;}\u00bb][vc_column_inner width=\u00bb1\/4&#8243; css=\u00bb.vc_custom_1527172379954{background-color: #f1f1f1 !important;}\u00bb]<div class='service_table_holder'><ul class='service_table_inner'><li class='service_table_title_holder background_color_type' style='background-color: #f1f1f1;'><div class='service_table_title_inner'><div class='service_table_title_inner2'><h3 class='service_title' style=''>Soporte para el movil<\/h3><i class=\"qode_icon_font_awesome fa fa-window-minimize fa-3x\" style=\"\" ><\/i><\/div><\/div><\/li><li class='service_table_content' style='background-color: #f1f1f1;'><\/li><\/ul><\/div>[vc_separator type=\u00bbtransparent\u00bb up=\u00bb10&#8243; down=\u00bb10&#8243;][\/vc_column_inner][vc_column_inner width=\u00bb1\/4&#8243; css=\u00bb.vc_custom_1527172387746{background-color: #f1f1f1 !important;}\u00bb]<div class='service_table_holder'><ul class='service_table_inner'><li class='service_table_title_holder background_color_type' style='background-color: #f1f1f1;'><div class='service_table_title_inner'><div class='service_table_title_inner2'><h3 class='service_title' style=''>Hechos de pl\u00e1stico<\/h3><i class=\"qode_icon_font_awesome fa fa-envira fa-3x\" style=\"\" ><\/i><\/div><\/div><\/li><li class='service_table_content' style='background-color: #f1f1f1;'><\/li><\/ul><\/div>[vc_separator type=\u00bbtransparent\u00bb up=\u00bb26&#8243; down=\u00bb0&#8243;][\/vc_column_inner][vc_column_inner width=\u00bb1\/4&#8243; css=\u00bb.vc_custom_1527172393802{background-color: #f1f1f1 !important;}\u00bb]<div class='service_table_holder'><ul class='service_table_inner'><li class='service_table_title_holder background_color_type' style='background-color: #f1f1f1;'><div class='service_table_title_inner'><div class='service_table_title_inner2'><h3 class='service_title' style=''>Colores diferentes<\/h3><i class=\"qode_icon_font_awesome fa fa-paint-brush fa-3x\" style=\"color: #dd3333 !important;\" ><\/i><\/div><\/div><\/li><li class='service_table_content' style='background-color: #f1f1f1;'><\/li><\/ul><\/div>[vc_separator type=\u00bbtransparent\u00bb up=\u00bb26&#8243; down=\u00bb0&#8243;][\/vc_column_inner][vc_column_inner width=\u00bb1\/4&#8243; css=\u00bb.vc_custom_1527172399153{background-color: #f1f1f1 !important;}\u00bb]<div class='service_table_holder'><ul class='service_table_inner'><li class='service_table_title_holder background_color_type' style='background-color: #f1f1f1;'><div class='service_table_title_inner'><div class='service_table_title_inner2'><h3 class='service_title' style=''>Tama\u00f1o peque\u00f1o<\/h3><i class=\"qode_icon_font_awesome fa fa-expand fa-3x\" style=\"\" ><\/i><\/div><\/div><\/li><li class='service_table_content' style='background-color: #f1f1f1;'><\/li><\/ul><\/div>[vc_separator type=\u00bbtransparent\u00bb up=\u00bb26&#8243; down=\u00bb0&#8243;][\/vc_column_inner][\/vc_row_inner][\/vc_column][\/vc_row][vc_row css_animation=\u00bb\u00bb row_type=\u00bbrow\u00bb use_row_as_full_screen_section=\u00bbyes\u00bb type=\u00bbfull_width\u00bb angled_section=\u00bbno\u00bb text_align=\u00bbcenter\u00bb background_image_as_pattern=\u00bbwithout_pattern\u00bb z_index=\u00bb\u00bb css=\u00bb.vc_custom_1546735868021{padding-top: 75px !important;padding-bottom: 75px !important;background-color: #ffffff !important;}\u00bb][vc_column][vc_column_text]<\/p>\n<h2 style=\"text-align: center;\">V\u00eddeo<\/h2>\n<p>[\/vc_column_text][vc_empty_space height=\u00bb36px\u00bb]<div class=\"qode_video_box disabled_hover_zoom\">\n\t<a itemprop=\"image\" class=\"qode_video_image\" href=\"https:\/\/www.youtube.com\/watch?v=EArWSIFWHYg\" data-rel=\"prettyPhoto\">\n\t\t\t\t\t<img loading=\"lazy\" decoding=\"async\" width=\"1920\" height=\"701\" src=\"https:\/\/www.badge4u.eu\/wp-content\/uploads\/2019\/01\/vid-prev-5.png\" class=\"attachment-full size-full\" alt=\"Badge4u \u2013 Video preview\" srcset=\"https:\/\/www.badge4u.eu\/wp-content\/uploads\/2019\/01\/vid-prev-5.png 1920w, https:\/\/www.badge4u.eu\/wp-content\/uploads\/2019\/01\/vid-prev-5-300x110.png 300w, https:\/\/www.badge4u.eu\/wp-content\/uploads\/2019\/01\/vid-prev-5-768x280.png 768w, https:\/\/www.badge4u.eu\/wp-content\/uploads\/2019\/01\/vid-prev-5-1024x374.png 1024w, https:\/\/www.badge4u.eu\/wp-content\/uploads\/2019\/01\/vid-prev-5-700x256.png 700w\" sizes=\"auto, (max-width: 1920px) 100vw, 1920px\" \/>\t\t\t<span class=\"qode_video_box_button_holder\">\n\t\t\t\t<span class=\"qode_video_box_button\">\n\t\t\t\t\t<span class=\"qode_video_box_button_arrow\">\n\t\t\t\t\t<\/span>\n\t\t\t\t<\/span>\n\t\t\t<\/span>\n\t\t\t<\/a>\n<\/div>[\/vc_column][\/vc_row][vc_row css_animation=\u00bb\u00bb row_type=\u00bbrow\u00bb use_row_as_full_screen_section=\u00bbno\u00bb type=\u00bbfull_width\u00bb angled_section=\u00bbno\u00bb text_align=\u00bbcenter\u00bb background_image_as_pattern=\u00bbwithout_pattern\u00bb z_index=\u00bb\u00bb css=\u00bb.vc_custom_1562510777845{padding-bottom: 35px !important;background-color: #ffffff !important;}\u00bb][vc_column][vc_column_text]<\/p>\n<h2 style=\"text-align: center;\">Fotos<\/h2>\n<p>[\/vc_column_text][vc_empty_space height=\u00bb36px\u00bb][vc_gallery type=\u00bbimage_grid\u00bb images=\u00bb9716,9723,9744,9751&#8243; img_size=\u00bb700&#215;700&#8243; column_number=\u00bb4&#8243; grayscale=\u00bbyes\u00bb images_space=\u00bbgallery_with_space\u00bb][\/vc_column][\/vc_row][vc_row css_animation=\u00bb\u00bb row_type=\u00bbrow\u00bb use_row_as_full_screen_section=\u00bbno\u00bb type=\u00bbgrid\u00bb angled_section=\u00bbno\u00bb text_align=\u00bbleft\u00bb background_image_as_pattern=\u00bbwithout_pattern\u00bb background_color=\u00bb#ffffff\u00bb css=\u00bb.vc_custom_1527421930076{padding-bottom: 75px !important;background-color: #ffffff !important;}\u00bb z_index=\u00bb\u00bb][vc_column][vc_column_text]<\/p>\n<h2 style=\"text-align: center;\">Plantillas<\/h2>\n<p>[\/vc_column_text][vc_empty_space height=\u00bb36px\u00bb][vc_row_inner row_type=\u00bbrow\u00bb type=\u00bbfull_width\u00bb text_align=\u00bbleft\u00bb css_animation=\u00bb\u00bb][vc_column_inner width=\u00bb1\/2&#8243;]<div class=\"q_image_with_text_over\"><div class=\"shader\" ><\/div><img decoding=\"async\" itemprop=\"image\" src=\"https:\/\/www.badge4u.eu\/wp-content\/uploads\/2019\/01\/szablony-templates-download.png\" alt=\"Badge4u \u2013 Download template \u2013 Pobierz szablon\" \/><div class=\"text\"><table><tr><td><i class=\"qode_icon_font_awesome fa fa-download icon_holder fa-3x\" style=\"color: #ffffff;border-color: rgba(255,255,255,0.6);\" ><\/i><h3 class=\"caption \" style=\"\">Descargar la plantilla (.pdf)<\/h3><\/td><\/tr><\/table><table><tr><td><div class=\"desc\">Mantenga los colores CMYK<br \/>\nResoluci\u00f3n min. 300 dpi<br \/>\nCambie las letras\/ fonts en vectores<br \/>\nSangre\/ rebase min. 3 mm<\/p>\n<p>[vc_separator type=&#8217;transparent&#8217; position=&#8217;center&#8217; color=\u00bb thickness=\u00bb up=&#8217;10&#8217; down=&#8217;10&#8217;]<\/p>\n<p><a  itemprop=\"url\" href=\"\/wp-content\/uploads\/templates\/mobile-ring.pdf\" target=\"_self\" data-hover-border-color=\"#ea4649\" class=\"qbutton  default\" style=\"color: #ffffff; border-color: #ea2124; \">DESCARGAR<\/a><\/div><\/td><\/tr><\/table><\/div><\/div>[\/vc_column_inner][vc_column_inner width=\u00bb1\/2&#8243;]<div class=\"q_image_with_text_over\"><div class=\"shader\" ><\/div><img decoding=\"async\" itemprop=\"image\" src=\"https:\/\/www.badge4u.eu\/wp-content\/uploads\/2019\/01\/szablony-templates-download.png\" alt=\"Badge4u \u2013 Download template \u2013 Pobierz szablon\" \/><div class=\"text\"><table><tr><td><i class=\"qode_icon_font_awesome fa fa-download icon_holder fa-3x\" style=\"color: #ffffff;border-color: rgba(255,255,255,0.6);\" ><\/i><h3 class=\"caption \" style=\"\">Descargar la plantilla (.eps)<\/h3><\/td><\/tr><\/table><table><tr><td><div class=\"desc\">Mantenga los colores CMYK<br \/>\nResoluci\u00f3n min. 300 dpi<br \/>\nCambie las letras\/ fonts en vectores<br \/>\nSangre\/ rebase min. 3 mm<\/p>\n<p>[vc_separator type=&#8217;transparent&#8217; position=&#8217;center&#8217; color=\u00bb thickness=\u00bb up=&#8217;10&#8217; down=&#8217;10&#8217;]<\/p>\n<p><a  itemprop=\"url\" href=\"\/wp-content\/uploads\/templates\/mobile-ring.eps\" target=\"_self\" data-hover-border-color=\"#ea4649\" class=\"qbutton  default\" style=\"color: #ffffff; border-color: #ea2124; \">DESCARGAR<\/a><\/div><\/td><\/tr><\/table><\/div><\/div>[\/vc_column_inner][\/vc_row_inner][\/vc_column][\/vc_row][vc_row css_animation=\u00bb\u00bb row_type=\u00bbrow\u00bb use_row_as_full_screen_section=\u00bbno\u00bb type=\u00bbfull_width\u00bb angled_section=\u00bbno\u00bb text_align=\u00bbleft\u00bb background_image_as_pattern=\u00bbwithout_pattern\u00bb css=\u00bb.vc_custom_1527422201726{background-color: #ffffff !important;}\u00bb z_index=\u00bb\u00bb][vc_column]<div class=\"call_to_action normal\" style=\"background-color: #ea2124;padding-top: 45px;padding-bottom: 45px;\"><div class=\"container_inner\"><div class=\"two_columns_75_25 clearfix\"><div class=\"text_wrapper column1\"><div class=\"call_to_action_text \" style=\"\">\n<p style=\"text-align: left\"><span style=\"font-size: 22px;color: #ffffff\"><strong>FAQ<\/strong> \u2013 preguntas frecuentes.<\/span><\/p>\n<\/div><\/div><div class=\"button_wrapper column2\"><a itemprop=\"url\" href=\"http:\/\/es\/faq\" class=\"qbutton white big_large\" target=\"_self\" style=\"color: #ea2124;background-color:#ffffff;\" data-hover-background-color=#f6f6f6 data-hover-border-color=#ffffff data-hover-color=#ea4649>DETALLES<\/a><\/div><\/div><\/div><\/div>[\/vc_column][\/vc_row]<\/p>\n<\/div>","protected":false},"excerpt":{"rendered":"<p>[vc_row css_animation=\u00bb\u00bb row_type=\u00bbrow\u00bb use_row_as_full_screen_section=\u00bbno\u00bb type=\u00bbgrid\u00bb angled_section=\u00bbno\u00bb text_align=\u00bbleft\u00bb background_image_as_pattern=\u00bbwithout_pattern\u00bb css=\u00bb.vc_custom_1527421652658{padding-bottom: 75px !important;background-color: #ffffff !important;}\u00bb z_index=\u00bb\u00bb][vc_column][qode_elements_holder number_of_columns=\u00bbthree_columns\u00bb][qode_elements_holder_item advanced_animations=\u00bbno\u00bb background_color=\u00bb#eeeded\u00bb item_padding=\u00bb0px 15% 0px 12%\u00bb item_padding_1280_1440=\u00bb0px 15% 0px 15%\u00bb item_padding_1024_1280=\u00bb0px 15% 0px 15%\u00bb item_padding_768_1024=\u00bb0px 30% 0px 15%\u00bb item_padding_600_768=\u00bb20px 52% 100px 12%15%\u00bb item_padding_480_600=\u00bb40px 21% 100px 15%\u00bb item_padding_480=\u00bb40px 21% 100px 15%\u00bb][vc_column_text]&#8230;<\/p>\n","protected":false},"author":1,"featured_media":0,"parent":0,"menu_order":0,"comment_status":"closed","ping_status":"closed","template":"full_width.php","meta":{"footnotes":""},"class_list":["post-3654","page","type-page","status-publish","hentry"],"yoast_head":"<!-- This site is optimized with the Yoast SEO plugin v26.9 - https:\/\/yoast.com\/product\/yoast-seo-wordpress\/ -->\n<title>Mobile ring &#8211; Firma reklamowa Badge4u<\/title>\n<meta name=\"robots\" content=\"index, follow, max-snippet:-1, max-image-preview:large, max-video-preview:-1\" \/>\n<link rel=\"canonical\" href=\"https:\/\/www.badge4u.eu\/es\/mobile-ring\/\" \/>\n<meta property=\"og:locale\" content=\"es_ES\" \/>\n<meta property=\"og:type\" content=\"article\" \/>\n<meta property=\"og:title\" content=\"Mobile ring &#8211; Firma reklamowa Badge4u\" \/>\n<meta property=\"og:description\" content=\"[vc_row css_animation=\u00bb\u00bb row_type=\u00bbrow\u00bb use_row_as_full_screen_section=\u00bbno\u00bb type=\u00bbgrid\u00bb angled_section=\u00bbno\u00bb text_align=\u00bbleft\u00bb background_image_as_pattern=\u00bbwithout_pattern\u00bb css=\u00bb.vc_custom_1527421652658{padding-bottom: 75px !important;background-color: #ffffff !important;}\u00bb z_index=\u00bb\u00bb][vc_column][qode_elements_holder number_of_columns=\u00bbthree_columns\u00bb][qode_elements_holder_item advanced_animations=\u00bbno\u00bb background_color=\u00bb#eeeded\u00bb item_padding=\u00bb0px 15% 0px 12%\u00bb item_padding_1280_1440=\u00bb0px 15% 0px 15%\u00bb item_padding_1024_1280=\u00bb0px 15% 0px 15%\u00bb item_padding_768_1024=\u00bb0px 30% 0px 15%\u00bb item_padding_600_768=\u00bb20px 52% 100px 12%15%\u00bb item_padding_480_600=\u00bb40px 21% 100px 15%\u00bb item_padding_480=\u00bb40px 21% 100px 15%\u00bb][vc_column_text]...\" \/>\n<meta property=\"og:url\" content=\"https:\/\/www.badge4u.eu\/es\/mobile-ring\/\" \/>\n<meta property=\"og:site_name\" content=\"Firma reklamowa Badge4u\" \/>\n<meta property=\"article:publisher\" content=\"https:\/\/www.facebook.com\/badge4u.eu\/\" \/>\n<meta property=\"article:modified_time\" content=\"2020-07-17T09:54:30+00:00\" \/>\n<meta name=\"twitter:card\" content=\"summary_large_image\" \/>\n<meta name=\"twitter:label1\" content=\"Tiempo de lectura\" \/>\n\t<meta name=\"twitter:data1\" content=\"6 minutos\" \/>\n<script type=\"application\/ld+json\" class=\"yoast-schema-graph\">{\"@context\":\"https:\/\/schema.org\",\"@graph\":[{\"@type\":\"WebPage\",\"@id\":\"https:\/\/www.badge4u.eu\/es\/mobile-ring\/\",\"url\":\"https:\/\/www.badge4u.eu\/es\/mobile-ring\/\",\"name\":\"Mobile ring &#8211; Firma reklamowa Badge4u\",\"isPartOf\":{\"@id\":\"https:\/\/www.badge4u.eu\/#website\"},\"datePublished\":\"2018-09-01T16:03:28+00:00\",\"dateModified\":\"2020-07-17T09:54:30+00:00\",\"breadcrumb\":{\"@id\":\"https:\/\/www.badge4u.eu\/es\/mobile-ring\/#breadcrumb\"},\"inLanguage\":\"es\",\"potentialAction\":[{\"@type\":\"ReadAction\",\"target\":[\"https:\/\/www.badge4u.eu\/es\/mobile-ring\/\"]}]},{\"@type\":\"BreadcrumbList\",\"@id\":\"https:\/\/www.badge4u.eu\/es\/mobile-ring\/#breadcrumb\",\"itemListElement\":[{\"@type\":\"ListItem\",\"position\":1,\"name\":\"Strona g\u0142\u00f3wna\",\"item\":\"https:\/\/www.badge4u.eu\/es\/\"},{\"@type\":\"ListItem\",\"position\":2,\"name\":\"Mobile ring\"}]},{\"@type\":\"WebSite\",\"@id\":\"https:\/\/www.badge4u.eu\/#website\",\"url\":\"https:\/\/www.badge4u.eu\/\",\"name\":\"Firma reklamowa Badge4u\",\"description\":\"\",\"publisher\":{\"@id\":\"https:\/\/www.badge4u.eu\/#organization\"},\"potentialAction\":[{\"@type\":\"SearchAction\",\"target\":{\"@type\":\"EntryPoint\",\"urlTemplate\":\"https:\/\/www.badge4u.eu\/?s={search_term_string}\"},\"query-input\":{\"@type\":\"PropertyValueSpecification\",\"valueRequired\":true,\"valueName\":\"search_term_string\"}}],\"inLanguage\":\"es\"},{\"@type\":\"Organization\",\"@id\":\"https:\/\/www.badge4u.eu\/#organization\",\"name\":\"Badge4u\",\"url\":\"https:\/\/www.badge4u.eu\/\",\"logo\":{\"@type\":\"ImageObject\",\"inLanguage\":\"es\",\"@id\":\"https:\/\/www.badge4u.eu\/#\/schema\/logo\/image\/\",\"url\":\"https:\/\/www.badge4u.eu\/wp-content\/uploads\/2019\/01\/badge4u-slider-logo.png\",\"contentUrl\":\"https:\/\/www.badge4u.eu\/wp-content\/uploads\/2019\/01\/badge4u-slider-logo.png\",\"width\":645,\"height\":202,\"caption\":\"Badge4u\"},\"image\":{\"@id\":\"https:\/\/www.badge4u.eu\/#\/schema\/logo\/image\/\"},\"sameAs\":[\"https:\/\/www.facebook.com\/badge4u.eu\/\",\"https:\/\/www.youtube.com\/channel\/UChbLl2bcMXA2qev0EeErhTQ\"]}]}<\/script>\n<!-- \/ Yoast SEO plugin. -->","yoast_head_json":{"title":"Mobile ring &#8211; Firma reklamowa Badge4u","robots":{"index":"index","follow":"follow","max-snippet":"max-snippet:-1","max-image-preview":"max-image-preview:large","max-video-preview":"max-video-preview:-1"},"canonical":"https:\/\/www.badge4u.eu\/es\/mobile-ring\/","og_locale":"es_ES","og_type":"article","og_title":"Mobile ring &#8211; Firma reklamowa Badge4u","og_description":"[vc_row css_animation=\u00bb\u00bb row_type=\u00bbrow\u00bb use_row_as_full_screen_section=\u00bbno\u00bb type=\u00bbgrid\u00bb angled_section=\u00bbno\u00bb text_align=\u00bbleft\u00bb background_image_as_pattern=\u00bbwithout_pattern\u00bb css=\u00bb.vc_custom_1527421652658{padding-bottom: 75px !important;background-color: #ffffff !important;}\u00bb z_index=\u00bb\u00bb][vc_column][qode_elements_holder number_of_columns=\u00bbthree_columns\u00bb][qode_elements_holder_item advanced_animations=\u00bbno\u00bb background_color=\u00bb#eeeded\u00bb item_padding=\u00bb0px 15% 0px 12%\u00bb item_padding_1280_1440=\u00bb0px 15% 0px 15%\u00bb item_padding_1024_1280=\u00bb0px 15% 0px 15%\u00bb item_padding_768_1024=\u00bb0px 30% 0px 15%\u00bb item_padding_600_768=\u00bb20px 52% 100px 12%15%\u00bb item_padding_480_600=\u00bb40px 21% 100px 15%\u00bb item_padding_480=\u00bb40px 21% 100px 15%\u00bb][vc_column_text]...","og_url":"https:\/\/www.badge4u.eu\/es\/mobile-ring\/","og_site_name":"Firma reklamowa Badge4u","article_publisher":"https:\/\/www.facebook.com\/badge4u.eu\/","article_modified_time":"2020-07-17T09:54:30+00:00","twitter_card":"summary_large_image","twitter_misc":{"Tiempo de lectura":"6 minutos"},"schema":{"@context":"https:\/\/schema.org","@graph":[{"@type":"WebPage","@id":"https:\/\/www.badge4u.eu\/es\/mobile-ring\/","url":"https:\/\/www.badge4u.eu\/es\/mobile-ring\/","name":"Mobile ring &#8211; Firma reklamowa Badge4u","isPartOf":{"@id":"https:\/\/www.badge4u.eu\/#website"},"datePublished":"2018-09-01T16:03:28+00:00","dateModified":"2020-07-17T09:54:30+00:00","breadcrumb":{"@id":"https:\/\/www.badge4u.eu\/es\/mobile-ring\/#breadcrumb"},"inLanguage":"es","potentialAction":[{"@type":"ReadAction","target":["https:\/\/www.badge4u.eu\/es\/mobile-ring\/"]}]},{"@type":"BreadcrumbList","@id":"https:\/\/www.badge4u.eu\/es\/mobile-ring\/#breadcrumb","itemListElement":[{"@type":"ListItem","position":1,"name":"Strona g\u0142\u00f3wna","item":"https:\/\/www.badge4u.eu\/es\/"},{"@type":"ListItem","position":2,"name":"Mobile ring"}]},{"@type":"WebSite","@id":"https:\/\/www.badge4u.eu\/#website","url":"https:\/\/www.badge4u.eu\/","name":"Firma reklamowa Badge4u","description":"","publisher":{"@id":"https:\/\/www.badge4u.eu\/#organization"},"potentialAction":[{"@type":"SearchAction","target":{"@type":"EntryPoint","urlTemplate":"https:\/\/www.badge4u.eu\/?s={search_term_string}"},"query-input":{"@type":"PropertyValueSpecification","valueRequired":true,"valueName":"search_term_string"}}],"inLanguage":"es"},{"@type":"Organization","@id":"https:\/\/www.badge4u.eu\/#organization","name":"Badge4u","url":"https:\/\/www.badge4u.eu\/","logo":{"@type":"ImageObject","inLanguage":"es","@id":"https:\/\/www.badge4u.eu\/#\/schema\/logo\/image\/","url":"https:\/\/www.badge4u.eu\/wp-content\/uploads\/2019\/01\/badge4u-slider-logo.png","contentUrl":"https:\/\/www.badge4u.eu\/wp-content\/uploads\/2019\/01\/badge4u-slider-logo.png","width":645,"height":202,"caption":"Badge4u"},"image":{"@id":"https:\/\/www.badge4u.eu\/#\/schema\/logo\/image\/"},"sameAs":["https:\/\/www.facebook.com\/badge4u.eu\/","https:\/\/www.youtube.com\/channel\/UChbLl2bcMXA2qev0EeErhTQ"]}]}},"_links":{"self":[{"href":"https:\/\/www.badge4u.eu\/es\/wp-json\/wp\/v2\/pages\/3654","targetHints":{"allow":["GET"]}}],"collection":[{"href":"https:\/\/www.badge4u.eu\/es\/wp-json\/wp\/v2\/pages"}],"about":[{"href":"https:\/\/www.badge4u.eu\/es\/wp-json\/wp\/v2\/types\/page"}],"author":[{"embeddable":true,"href":"https:\/\/www.badge4u.eu\/es\/wp-json\/wp\/v2\/users\/1"}],"replies":[{"embeddable":true,"href":"https:\/\/www.badge4u.eu\/es\/wp-json\/wp\/v2\/comments?post=3654"}],"version-history":[{"count":0,"href":"https:\/\/www.badge4u.eu\/es\/wp-json\/wp\/v2\/pages\/3654\/revisions"}],"wp:attachment":[{"href":"https:\/\/www.badge4u.eu\/es\/wp-json\/wp\/v2\/media?parent=3654"}],"curies":[{"name":"wp","href":"https:\/\/api.w.org\/{rel}","templated":true}]}}