{"id":3678,"date":"2018-09-01T17:34:18","date_gmt":"2018-09-01T17:34:18","guid":{"rendered":"https:\/\/www.badge4u.eu\/telestoper\/"},"modified":"2020-06-08T09:58:17","modified_gmt":"2020-06-08T09:58:17","slug":"handygripper","status":"publish","type":"page","link":"https:\/\/www.badge4u.eu\/de\/handygripper\/","title":{"rendered":"Handygripper"},"content":{"rendered":"<div class=\"wpb-content-wrapper\"><p>[vc_row css_animation=&#8220;&#8220; row_type=&#8220;row&#8220; use_row_as_full_screen_section=&#8220;no&#8220; type=&#8220;grid&#8220; angled_section=&#8220;no&#8220; text_align=&#8220;left&#8220; background_image_as_pattern=&#8220;without_pattern&#8220; css=&#8220;.vc_custom_1527421652658{padding-bottom: 75px !important;background-color: #ffffff !important;}&#8220; z_index=&#8220;&#8220;][vc_column][qode_elements_holder number_of_columns=&#8220;three_columns&#8220;][qode_elements_holder_item advanced_animations=&#8220;no&#8220; background_color=&#8220;#eeeded&#8220; item_padding=&#8220;0px 15% 0px 12%&#8220; item_padding_1280_1440=&#8220;0px 15% 0px 15%&#8220; item_padding_1024_1280=&#8220;0px 15% 0px 15%&#8220; item_padding_768_1024=&#8220;0px 30% 0px 15%&#8220; item_padding_600_768=&#8220;20px 52% 100px 12%15%&#8220; item_padding_480_600=&#8220;40px 21% 100px 15%&#8220; item_padding_480=&#8220;40px 21% 100px 15%&#8220;][vc_column_text]<\/p>\n<h1>Handygripper<\/h1>\n<p>[\/vc_column_text][vc_empty_space][vc_column_text]Das Antirutsch \u2013 Pad f\u00fcr Handys und Smartphones verf\u00fcgt auf der oberen Seite \u00fcber eine rutschfeste Oberfl\u00e4che, die das Abrutschen des Ger\u00e4tes von glatten Fl\u00e4chen verhindert. Dank der selbshaftenden R\u00fcckseite haftet das Produkt auf dem jeweiligen Ger\u00e4t ohne R\u00fcckst\u00e4nde zu hinterlassen. Das Produkt wird auf einer individuell gestaltbaren Tr\u00e4gerkarte geliefert.[\/vc_column_text][\/qode_elements_holder_item][qode_elements_holder_item advanced_animations=&#8220;no&#8220; background_image=&#8220;3143&#8243; item_padding=&#8220;240px 0px&#8220;][\/qode_elements_holder_item][qode_elements_holder_item advanced_animations=&#8220;no&#8220; background_image=&#8220;3144&#8243; item_padding=&#8220;240px 0px&#8220;][\/qode_elements_holder_item][\/qode_elements_holder][\/vc_column][\/vc_row][vc_row css_animation=&#8220;&#8220; row_type=&#8220;row&#8220; use_row_as_full_screen_section=&#8220;no&#8220; type=&#8220;grid&#8220; angled_section=&#8220;no&#8220; text_align=&#8220;left&#8220; background_image_as_pattern=&#8220;without_pattern&#8220; z_index=&#8220;&#8220; css=&#8220;.vc_custom_1527421881649{background-color: #ffffff !important;}&#8220;][vc_column][vc_column_text]<\/p>\n<p>[\/vc_column_text][vc_empty_space height=&#8220;36px&#8220;][vc_row_inner row_type=&#8220;row&#8220; type=&#8220;full_width&#8220; text_align=&#8220;left&#8220; row_negative_margin=&#8220;disable_negative_margin&#8220; css_animation=&#8220;&#8220; background_color=&#8220;#dd9933&#8243; css=&#8220;.vc_custom_1527172472173{background-color: #f1f1f1 !important;}&#8220;][vc_column_inner width=&#8220;1\/4&#8243; css=&#8220;.vc_custom_1527172379954{background-color: #f1f1f1 !important;}&#8220;]<div class='service_table_holder'><ul class='service_table_inner'><li class='service_table_title_holder background_color_type' style='background-color: #f1f1f1;'><div class='service_table_title_inner'><div class='service_table_title_inner2'><h3 class='service_title' style=''>Silikon-R\u00fcckseite<\/h3><i class=\"qode_icon_font_awesome fa fa-share fa-3x\" style=\"\" ><\/i><\/div><\/div><\/li><li class='service_table_content' style='background-color: #f1f1f1;'><\/li><\/ul><\/div>[vc_separator type=&#8220;transparent&#8220; up=&#8220;10&#8243; down=&#8220;10&#8243;][\/vc_column_inner][vc_column_inner width=&#8220;1\/4&#8243; css=&#8220;.vc_custom_1527172387746{background-color: #f1f1f1 !important;}&#8220;]<div class='service_table_holder'><ul class='service_table_inner'><li class='service_table_title_holder background_color_type' style='background-color: #f1f1f1;'><div class='service_table_title_inner'><div class='service_table_title_inner2'><h3 class='service_title' style=''>Beliebige Form<\/h3><i class=\"qode_icon_font_awesome fa fa-star-o fa-3x\" style=\"\" ><\/i><\/div><\/div><\/li><li class='service_table_content' style='background-color: #f1f1f1;'><\/li><\/ul><\/div>[vc_separator type=&#8220;transparent&#8220; up=&#8220;26&#8243; down=&#8220;0&#8243;][\/vc_column_inner][vc_column_inner width=&#8220;1\/4&#8243; css=&#8220;.vc_custom_1527172393802{background-color: #f1f1f1 !important;}&#8220;]<div class='service_table_holder'><ul class='service_table_inner'><li class='service_table_title_holder background_color_type' style='background-color: #f1f1f1;'><div class='service_table_title_inner'><div class='service_table_title_inner2'><h3 class='service_title' style=''>Beliebige Gr\u00f6sse<\/h3><i class=\"qode_icon_font_awesome fa fa-arrows-alt fa-3x\" style=\"color: #dd3333 !important;\" ><\/i><\/div><\/div><\/li><li class='service_table_content' style='background-color: #f1f1f1;'><\/li><\/ul><\/div>[vc_separator type=&#8220;transparent&#8220; up=&#8220;26&#8243; down=&#8220;0&#8243;][\/vc_column_inner][vc_column_inner width=&#8220;1\/4&#8243; css=&#8220;.vc_custom_1527172399153{background-color: #f1f1f1 !important;}&#8220;]<div class='service_table_holder'><ul class='service_table_inner'><li class='service_table_title_holder background_color_type' style='background-color: #f1f1f1;'><div class='service_table_title_inner'><div class='service_table_title_inner2'><h3 class='service_title' style=''>Mehrfach verwendbar<\/h3><i class=\"qode_icon_font_awesome fa fa-check-square fa-3x\" style=\"\" ><\/i><\/div><\/div><\/li><li class='service_table_content' style='background-color: #f1f1f1;'><\/li><\/ul><\/div>[vc_separator type=&#8220;transparent&#8220; up=&#8220;26&#8243; down=&#8220;0&#8243;][\/vc_column_inner][\/vc_row_inner][\/vc_column][\/vc_row][vc_row css_animation=&#8220;&#8220; row_type=&#8220;row&#8220; use_row_as_full_screen_section=&#8220;no&#8220; type=&#8220;grid&#8220; angled_section=&#8220;no&#8220; text_align=&#8220;left&#8220; background_image_as_pattern=&#8220;without_pattern&#8220; z_index=&#8220;&#8220; css=&#8220;.vc_custom_1535809457658{padding-top: 75px !important;background-color: #ffffff !important;}&#8220;][vc_column][vc_column_text]<\/p>\n<h2 style=\"text-align: center;\">Varianten<\/h2>\n<p>[\/vc_column_text][vc_empty_space height=&#8220;36px&#8220;][qode_elements_holder number_of_columns=&#8220;three_columns&#8220;][qode_elements_holder_item advanced_animations=&#8220;no&#8220; item_padding=&#8220;0px 0%&#8220; item_padding_600_768=&#8220;0px 13%&#8220; item_padding_480=&#8220;0px&#8220;][vc_single_image image=&#8220;3147&#8243; img_size=&#8220;full&#8220; qode_css_animation=&#8220;&#8220; qode_hover_animation=&#8220;zoom_in&#8220;][vc_empty_space height=&#8220;33px&#8220;][vc_column_text]<\/p>\n<h3>52\u00d725 mm<\/h3>\n<p>[\/vc_column_text][vc_empty_space height=&#8220;40px&#8220;][\/qode_elements_holder_item][qode_elements_holder_item vertical_alignment=&#8220;top&#8220; advanced_animations=&#8220;no&#8220; item_padding=&#8220;0px 0%&#8220; item_padding_600_768=&#8220;0px 13%&#8220; item_padding_480=&#8220;0px&#8220;][vc_single_image image=&#8220;3145&#8243; img_size=&#8220;full&#8220; qode_css_animation=&#8220;&#8220; qode_hover_animation=&#8220;zoom_in&#8220;][vc_empty_space height=&#8220;33px&#8220;][vc_column_text]<\/p>\n<h3>36\u00d736 mm<\/h3>\n<p>[\/vc_column_text][vc_empty_space height=&#8220;40px&#8220;][\/qode_elements_holder_item][qode_elements_holder_item vertical_alignment=&#8220;top&#8220; advanced_animations=&#8220;no&#8220; item_padding=&#8220;0px 0%&#8220; item_padding_600_768=&#8220;0px 13%&#8220; item_padding_480=&#8220;0px&#8220;][vc_single_image image=&#8220;3146&#8243; img_size=&#8220;full&#8220; qode_css_animation=&#8220;&#8220; qode_hover_animation=&#8220;zoom_in&#8220;][vc_empty_space height=&#8220;33px&#8220;][vc_column_text]<\/p>\n<h3>37 mm<\/h3>\n<p>[\/vc_column_text][vc_empty_space height=&#8220;40px&#8220;][\/qode_elements_holder_item][\/qode_elements_holder][vc_empty_space height=&#8220;17px&#8220;][qode_elements_holder number_of_columns=&#8220;three_columns&#8220;][qode_elements_holder_item vertical_alignment=&#8220;top&#8220; advanced_animations=&#8220;no&#8220; item_padding=&#8220;0px 0%&#8220; item_padding_600_768=&#8220;0px 13%&#8220; item_padding_480=&#8220;0px&#8220;][vc_single_image image=&#8220;3148&#8243; img_size=&#8220;full&#8220; qode_css_animation=&#8220;&#8220; qode_hover_animation=&#8220;zoom_in&#8220;][vc_empty_space height=&#8220;33px&#8220;][vc_column_text]<\/p>\n<h3>Jede Gr\u00f6\u00dfe und Form<\/h3>\n<p>[\/vc_column_text][vc_empty_space height=&#8220;40px&#8220;][\/qode_elements_holder_item][qode_elements_holder_item advanced_animations=&#8220;no&#8220; item_padding=&#8220;0px 0%&#8220; item_padding_600_768=&#8220;0px 13%&#8220; item_padding_480=&#8220;0px&#8220;][vc_empty_space height=&#8220;33px&#8220;][vc_column_text][\/vc_column_text][vc_empty_space height=&#8220;40px&#8220;][\/qode_elements_holder_item][qode_elements_holder_item vertical_alignment=&#8220;top&#8220; advanced_animations=&#8220;no&#8220; item_padding=&#8220;0px 0%&#8220; item_padding_600_768=&#8220;0px 13%&#8220; item_padding_480=&#8220;0px&#8220;][vc_empty_space height=&#8220;33px&#8220;][vc_column_text][\/vc_column_text][vc_empty_space height=&#8220;40px&#8220;][\/qode_elements_holder_item][\/qode_elements_holder][vc_empty_space height=&#8220;17px&#8220;][\/vc_column][\/vc_row][vc_row css_animation=&#8220;&#8220; row_type=&#8220;row&#8220; use_row_as_full_screen_section=&#8220;yes&#8220; type=&#8220;full_width&#8220; angled_section=&#8220;no&#8220; text_align=&#8220;center&#8220; background_image_as_pattern=&#8220;without_pattern&#8220; z_index=&#8220;&#8220; css=&#8220;.vc_custom_1546790527578{padding-top: 58px !important;padding-bottom: 75px !important;background-color: #ffffff !important;}&#8220;][vc_column][vc_column_text]<\/p>\n<h2 style=\"text-align: center;\">Video<\/h2>\n<p>[\/vc_column_text][vc_empty_space height=&#8220;36px&#8220;]<div class=\"qode_video_box disabled_hover_zoom\">\n\t<a itemprop=\"image\" class=\"qode_video_image\" href=\"https:\/\/www.youtube.com\/watch?v=NGTZL2aEPts\" data-rel=\"prettyPhoto\">\n\t\t\t\t\t<img loading=\"lazy\" decoding=\"async\" width=\"1920\" height=\"700\" src=\"https:\/\/www.badge4u.eu\/wp-content\/uploads\/2019\/01\/vid-prev-7.png\" class=\"attachment-full size-full\" alt=\"Badge4u \u2013 Video preview\" srcset=\"https:\/\/www.badge4u.eu\/wp-content\/uploads\/2019\/01\/vid-prev-7.png 1920w, https:\/\/www.badge4u.eu\/wp-content\/uploads\/2019\/01\/vid-prev-7-300x109.png 300w, https:\/\/www.badge4u.eu\/wp-content\/uploads\/2019\/01\/vid-prev-7-768x280.png 768w, https:\/\/www.badge4u.eu\/wp-content\/uploads\/2019\/01\/vid-prev-7-1024x373.png 1024w, https:\/\/www.badge4u.eu\/wp-content\/uploads\/2019\/01\/vid-prev-7-700x255.png 700w\" sizes=\"auto, (max-width: 1920px) 100vw, 1920px\" \/>\t\t\t<span class=\"qode_video_box_button_holder\">\n\t\t\t\t<span class=\"qode_video_box_button\">\n\t\t\t\t\t<span class=\"qode_video_box_button_arrow\">\n\t\t\t\t\t<\/span>\n\t\t\t\t<\/span>\n\t\t\t<\/span>\n\t\t\t<\/a>\n<\/div>[\/vc_column][\/vc_row][vc_row css_animation=&#8220;&#8220; row_type=&#8220;row&#8220; use_row_as_full_screen_section=&#8220;no&#8220; type=&#8220;grid&#8220; angled_section=&#8220;no&#8220; text_align=&#8220;left&#8220; background_image_as_pattern=&#8220;without_pattern&#8220; background_color=&#8220;#ffffff&#8220; css=&#8220;.vc_custom_1546790531560{padding-bottom: 75px !important;background-color: #ffffff !important;}&#8220; z_index=&#8220;&#8220;][vc_column][vc_column_text]<\/p>\n<h2 style=\"text-align: center;\">Standskizzen<\/h2>\n<p>[\/vc_column_text][vc_empty_space height=&#8220;36px&#8220;][vc_row_inner row_type=&#8220;row&#8220; type=&#8220;full_width&#8220; text_align=&#8220;left&#8220; css_animation=&#8220;&#8220;][vc_column_inner width=&#8220;1\/2&#8243;]<div class=\"q_image_with_text_over\"><div class=\"shader\" ><\/div><img decoding=\"async\" itemprop=\"image\" src=\"https:\/\/www.badge4u.eu\/wp-content\/uploads\/2019\/01\/szablony-templates-download.png\" alt=\"Badge4u \u2013 Download template \u2013 Pobierz szablon\" \/><div class=\"text\"><table><tr><td><i class=\"qode_icon_font_awesome fa fa-download icon_holder fa-3x\" style=\"color: #ffffff;border-color: rgba(255,255,255,0.6);\" ><\/i><h3 class=\"caption \" style=\"\">Standskizze (.pdf)<\/h3><\/td><\/tr><\/table><table><tr><td><div class=\"desc\">CMYK Digitaldruck<br \/>\nAufl\u00f6sung von 300 dpi<br \/>\nWandeln Sie die Schriftarten in Pfade um<br \/>\nBeschnitt 3 mm<\/p>\n<p>[vc_separator type=&#8217;transparent&#8216; position=&#8217;center&#8216; color=&#8220; thickness=&#8220; up=&#8217;10&#8216; down=&#8217;10&#8216;]<\/p>\n<p><a  itemprop=\"url\" href=\"\/wp-content\/uploads\/templates\/telestoper.pdf\" target=\"_self\" data-hover-border-color=\"#ea4649\" class=\"qbutton  default\" style=\"color: #ffffff; border-color: #ea2124; \">HERUNTERLADEN<\/a><\/div><\/td><\/tr><\/table><\/div><\/div>[\/vc_column_inner][vc_column_inner width=&#8220;1\/2&#8243;]<div class=\"q_image_with_text_over\"><div class=\"shader\" ><\/div><img decoding=\"async\" itemprop=\"image\" src=\"https:\/\/www.badge4u.eu\/wp-content\/uploads\/2019\/01\/szablony-templates-download.png\" alt=\"Badge4u \u2013 Download template \u2013 Pobierz szablon\" \/><div class=\"text\"><table><tr><td><i class=\"qode_icon_font_awesome fa fa-download icon_holder fa-3x\" style=\"color: #ffffff;border-color: rgba(255,255,255,0.6);\" ><\/i><h3 class=\"caption \" style=\"\">Standskizze (.eps)<\/h3><\/td><\/tr><\/table><table><tr><td><div class=\"desc\">CMYK Digitaldruck<br \/>\nAufl\u00f6sung von 300 dpi<br \/>\nWandeln Sie die Schriftarten in Pfade um<br \/>\nBeschnitt 3 mm<\/p>\n<p>[vc_separator type=&#8217;transparent&#8216; position=&#8217;center&#8216; color=&#8220; thickness=&#8220; up=&#8217;10&#8216; down=&#8217;10&#8216;]<\/p>\n<p><a  itemprop=\"url\" href=\"\/wp-content\/uploads\/templates\/telestoper.eps\" target=\"_self\" data-hover-border-color=\"#ea4649\" class=\"qbutton  default\" style=\"color: #ffffff; border-color: #ea2124; \">HERUNTERLADEN<\/a><\/div><\/td><\/tr><\/table><\/div><\/div>[\/vc_column_inner][\/vc_row_inner][\/vc_column][\/vc_row][vc_row css_animation=&#8220;&#8220; row_type=&#8220;row&#8220; use_row_as_full_screen_section=&#8220;no&#8220; type=&#8220;full_width&#8220; angled_section=&#8220;no&#8220; text_align=&#8220;left&#8220; background_image_as_pattern=&#8220;without_pattern&#8220; css=&#8220;.vc_custom_1527422201726{background-color: #ffffff !important;}&#8220; z_index=&#8220;&#8220;][vc_column]<div class=\"call_to_action normal\" style=\"background-color: #ea2124;padding-top: 45px;padding-bottom: 45px;\"><div class=\"container_inner\"><div class=\"two_columns_75_25 clearfix\"><div class=\"text_wrapper column1\"><div class=\"call_to_action_text \" style=\"\">\n<p style=\"text-align: left\"><span style=\"font-size: 22px;color: #ffffff\"><strong>FAQ<\/strong> \u2013 h\u00e4ufig gestellte Fragen.<\/span><\/p>\n<\/div><\/div><div class=\"button_wrapper column2\"><a itemprop=\"url\" href=\"\/de\/faq\" class=\"qbutton white big_large\" target=\"_self\" style=\"color: #ea2124;background-color:#ffffff;\" data-hover-background-color=#f6f6f6 data-hover-border-color=#ffffff data-hover-color=#ea4649>MEHR<\/a><\/div><\/div><\/div><\/div>[\/vc_column][\/vc_row]<\/p>\n<\/div>","protected":false},"excerpt":{"rendered":"<p>[vc_row css_animation=&#8220;&#8220; row_type=&#8220;row&#8220; use_row_as_full_screen_section=&#8220;no&#8220; type=&#8220;grid&#8220; angled_section=&#8220;no&#8220; text_align=&#8220;left&#8220; background_image_as_pattern=&#8220;without_pattern&#8220; css=&#8220;.vc_custom_1527421652658{padding-bottom: 75px !important;background-color: #ffffff !important;}&#8220; z_index=&#8220;&#8220;][vc_column][qode_elements_holder number_of_columns=&#8220;three_columns&#8220;][qode_elements_holder_item advanced_animations=&#8220;no&#8220; background_color=&#8220;#eeeded&#8220; item_padding=&#8220;0px 15% 0px 12%&#8220; item_padding_1280_1440=&#8220;0px 15% 0px 15%&#8220; item_padding_1024_1280=&#8220;0px 15% 0px 15%&#8220; item_padding_768_1024=&#8220;0px 30% 0px 15%&#8220; item_padding_600_768=&#8220;20px 52% 100px 12%15%&#8220; item_padding_480_600=&#8220;40px 21% 100px 15%&#8220; item_padding_480=&#8220;40px 21% 100px 15%&#8220;][vc_column_text]&#8230;<\/p>\n","protected":false},"author":1,"featured_media":0,"parent":0,"menu_order":0,"comment_status":"closed","ping_status":"closed","template":"full_width.php","meta":{"footnotes":""},"class_list":["post-3678","page","type-page","status-publish","hentry"],"yoast_head":"<!-- This site is optimized with the Yoast SEO plugin v26.9 - https:\/\/yoast.com\/product\/yoast-seo-wordpress\/ -->\n<title>Handygripper &#8211; Firma reklamowa Badge4u<\/title>\n<meta name=\"robots\" content=\"index, follow, max-snippet:-1, max-image-preview:large, max-video-preview:-1\" \/>\n<link rel=\"canonical\" href=\"https:\/\/www.badge4u.eu\/de\/handygripper\/\" \/>\n<meta property=\"og:locale\" content=\"de_DE\" \/>\n<meta property=\"og:type\" content=\"article\" \/>\n<meta property=\"og:title\" content=\"Handygripper &#8211; Firma reklamowa Badge4u\" \/>\n<meta property=\"og:description\" content=\"[vc_row css_animation=&#8220;&#8220; row_type=&#8220;row&#8220; use_row_as_full_screen_section=&#8220;no&#8220; type=&#8220;grid&#8220; angled_section=&#8220;no&#8220; text_align=&#8220;left&#8220; background_image_as_pattern=&#8220;without_pattern&#8220; css=&#8220;.vc_custom_1527421652658{padding-bottom: 75px !important;background-color: #ffffff !important;}&#8220; z_index=&#8220;&#8220;][vc_column][qode_elements_holder number_of_columns=&#8220;three_columns&#8220;][qode_elements_holder_item advanced_animations=&#8220;no&#8220; background_color=&#8220;#eeeded&#8220; item_padding=&#8220;0px 15% 0px 12%&#8220; item_padding_1280_1440=&#8220;0px 15% 0px 15%&#8220; item_padding_1024_1280=&#8220;0px 15% 0px 15%&#8220; item_padding_768_1024=&#8220;0px 30% 0px 15%&#8220; item_padding_600_768=&#8220;20px 52% 100px 12%15%&#8220; item_padding_480_600=&#8220;40px 21% 100px 15%&#8220; item_padding_480=&#8220;40px 21% 100px 15%&#8220;][vc_column_text]...\" \/>\n<meta property=\"og:url\" content=\"https:\/\/www.badge4u.eu\/de\/handygripper\/\" \/>\n<meta property=\"og:site_name\" content=\"Firma reklamowa Badge4u\" \/>\n<meta property=\"article:publisher\" content=\"https:\/\/www.facebook.com\/badge4u.eu\/\" \/>\n<meta property=\"article:modified_time\" content=\"2020-06-08T09:58:17+00:00\" \/>\n<meta name=\"twitter:card\" content=\"summary_large_image\" \/>\n<meta name=\"twitter:label1\" content=\"Gesch\u00e4tzte Lesezeit\" \/>\n\t<meta name=\"twitter:data1\" content=\"7\u00a0Minuten\" \/>\n<script type=\"application\/ld+json\" class=\"yoast-schema-graph\">{\"@context\":\"https:\/\/schema.org\",\"@graph\":[{\"@type\":\"WebPage\",\"@id\":\"https:\/\/www.badge4u.eu\/de\/handygripper\/\",\"url\":\"https:\/\/www.badge4u.eu\/de\/handygripper\/\",\"name\":\"Handygripper &#8211; Firma reklamowa Badge4u\",\"isPartOf\":{\"@id\":\"https:\/\/www.badge4u.eu\/#website\"},\"datePublished\":\"2018-09-01T17:34:18+00:00\",\"dateModified\":\"2020-06-08T09:58:17+00:00\",\"breadcrumb\":{\"@id\":\"https:\/\/www.badge4u.eu\/de\/handygripper\/#breadcrumb\"},\"inLanguage\":\"de\",\"potentialAction\":[{\"@type\":\"ReadAction\",\"target\":[\"https:\/\/www.badge4u.eu\/de\/handygripper\/\"]}]},{\"@type\":\"BreadcrumbList\",\"@id\":\"https:\/\/www.badge4u.eu\/de\/handygripper\/#breadcrumb\",\"itemListElement\":[{\"@type\":\"ListItem\",\"position\":1,\"name\":\"Strona g\u0142\u00f3wna\",\"item\":\"https:\/\/www.badge4u.eu\/de\/\"},{\"@type\":\"ListItem\",\"position\":2,\"name\":\"Handygripper\"}]},{\"@type\":\"WebSite\",\"@id\":\"https:\/\/www.badge4u.eu\/#website\",\"url\":\"https:\/\/www.badge4u.eu\/\",\"name\":\"Firma reklamowa Badge4u\",\"description\":\"\",\"publisher\":{\"@id\":\"https:\/\/www.badge4u.eu\/#organization\"},\"potentialAction\":[{\"@type\":\"SearchAction\",\"target\":{\"@type\":\"EntryPoint\",\"urlTemplate\":\"https:\/\/www.badge4u.eu\/?s={search_term_string}\"},\"query-input\":{\"@type\":\"PropertyValueSpecification\",\"valueRequired\":true,\"valueName\":\"search_term_string\"}}],\"inLanguage\":\"de\"},{\"@type\":\"Organization\",\"@id\":\"https:\/\/www.badge4u.eu\/#organization\",\"name\":\"Badge4u\",\"url\":\"https:\/\/www.badge4u.eu\/\",\"logo\":{\"@type\":\"ImageObject\",\"inLanguage\":\"de\",\"@id\":\"https:\/\/www.badge4u.eu\/#\/schema\/logo\/image\/\",\"url\":\"https:\/\/www.badge4u.eu\/wp-content\/uploads\/2019\/01\/badge4u-slider-logo.png\",\"contentUrl\":\"https:\/\/www.badge4u.eu\/wp-content\/uploads\/2019\/01\/badge4u-slider-logo.png\",\"width\":645,\"height\":202,\"caption\":\"Badge4u\"},\"image\":{\"@id\":\"https:\/\/www.badge4u.eu\/#\/schema\/logo\/image\/\"},\"sameAs\":[\"https:\/\/www.facebook.com\/badge4u.eu\/\",\"https:\/\/www.youtube.com\/channel\/UChbLl2bcMXA2qev0EeErhTQ\"]}]}<\/script>\n<!-- \/ Yoast SEO plugin. -->","yoast_head_json":{"title":"Handygripper &#8211; Firma reklamowa Badge4u","robots":{"index":"index","follow":"follow","max-snippet":"max-snippet:-1","max-image-preview":"max-image-preview:large","max-video-preview":"max-video-preview:-1"},"canonical":"https:\/\/www.badge4u.eu\/de\/handygripper\/","og_locale":"de_DE","og_type":"article","og_title":"Handygripper &#8211; Firma reklamowa Badge4u","og_description":"[vc_row css_animation=&#8220;&#8220; row_type=&#8220;row&#8220; use_row_as_full_screen_section=&#8220;no&#8220; type=&#8220;grid&#8220; angled_section=&#8220;no&#8220; text_align=&#8220;left&#8220; background_image_as_pattern=&#8220;without_pattern&#8220; css=&#8220;.vc_custom_1527421652658{padding-bottom: 75px !important;background-color: #ffffff !important;}&#8220; z_index=&#8220;&#8220;][vc_column][qode_elements_holder number_of_columns=&#8220;three_columns&#8220;][qode_elements_holder_item advanced_animations=&#8220;no&#8220; background_color=&#8220;#eeeded&#8220; item_padding=&#8220;0px 15% 0px 12%&#8220; item_padding_1280_1440=&#8220;0px 15% 0px 15%&#8220; item_padding_1024_1280=&#8220;0px 15% 0px 15%&#8220; item_padding_768_1024=&#8220;0px 30% 0px 15%&#8220; item_padding_600_768=&#8220;20px 52% 100px 12%15%&#8220; item_padding_480_600=&#8220;40px 21% 100px 15%&#8220; item_padding_480=&#8220;40px 21% 100px 15%&#8220;][vc_column_text]...","og_url":"https:\/\/www.badge4u.eu\/de\/handygripper\/","og_site_name":"Firma reklamowa Badge4u","article_publisher":"https:\/\/www.facebook.com\/badge4u.eu\/","article_modified_time":"2020-06-08T09:58:17+00:00","twitter_card":"summary_large_image","twitter_misc":{"Gesch\u00e4tzte Lesezeit":"7\u00a0Minuten"},"schema":{"@context":"https:\/\/schema.org","@graph":[{"@type":"WebPage","@id":"https:\/\/www.badge4u.eu\/de\/handygripper\/","url":"https:\/\/www.badge4u.eu\/de\/handygripper\/","name":"Handygripper &#8211; Firma reklamowa Badge4u","isPartOf":{"@id":"https:\/\/www.badge4u.eu\/#website"},"datePublished":"2018-09-01T17:34:18+00:00","dateModified":"2020-06-08T09:58:17+00:00","breadcrumb":{"@id":"https:\/\/www.badge4u.eu\/de\/handygripper\/#breadcrumb"},"inLanguage":"de","potentialAction":[{"@type":"ReadAction","target":["https:\/\/www.badge4u.eu\/de\/handygripper\/"]}]},{"@type":"BreadcrumbList","@id":"https:\/\/www.badge4u.eu\/de\/handygripper\/#breadcrumb","itemListElement":[{"@type":"ListItem","position":1,"name":"Strona g\u0142\u00f3wna","item":"https:\/\/www.badge4u.eu\/de\/"},{"@type":"ListItem","position":2,"name":"Handygripper"}]},{"@type":"WebSite","@id":"https:\/\/www.badge4u.eu\/#website","url":"https:\/\/www.badge4u.eu\/","name":"Firma reklamowa Badge4u","description":"","publisher":{"@id":"https:\/\/www.badge4u.eu\/#organization"},"potentialAction":[{"@type":"SearchAction","target":{"@type":"EntryPoint","urlTemplate":"https:\/\/www.badge4u.eu\/?s={search_term_string}"},"query-input":{"@type":"PropertyValueSpecification","valueRequired":true,"valueName":"search_term_string"}}],"inLanguage":"de"},{"@type":"Organization","@id":"https:\/\/www.badge4u.eu\/#organization","name":"Badge4u","url":"https:\/\/www.badge4u.eu\/","logo":{"@type":"ImageObject","inLanguage":"de","@id":"https:\/\/www.badge4u.eu\/#\/schema\/logo\/image\/","url":"https:\/\/www.badge4u.eu\/wp-content\/uploads\/2019\/01\/badge4u-slider-logo.png","contentUrl":"https:\/\/www.badge4u.eu\/wp-content\/uploads\/2019\/01\/badge4u-slider-logo.png","width":645,"height":202,"caption":"Badge4u"},"image":{"@id":"https:\/\/www.badge4u.eu\/#\/schema\/logo\/image\/"},"sameAs":["https:\/\/www.facebook.com\/badge4u.eu\/","https:\/\/www.youtube.com\/channel\/UChbLl2bcMXA2qev0EeErhTQ"]}]}},"_links":{"self":[{"href":"https:\/\/www.badge4u.eu\/de\/wp-json\/wp\/v2\/pages\/3678","targetHints":{"allow":["GET"]}}],"collection":[{"href":"https:\/\/www.badge4u.eu\/de\/wp-json\/wp\/v2\/pages"}],"about":[{"href":"https:\/\/www.badge4u.eu\/de\/wp-json\/wp\/v2\/types\/page"}],"author":[{"embeddable":true,"href":"https:\/\/www.badge4u.eu\/de\/wp-json\/wp\/v2\/users\/1"}],"replies":[{"embeddable":true,"href":"https:\/\/www.badge4u.eu\/de\/wp-json\/wp\/v2\/comments?post=3678"}],"version-history":[{"count":0,"href":"https:\/\/www.badge4u.eu\/de\/wp-json\/wp\/v2\/pages\/3678\/revisions"}],"wp:attachment":[{"href":"https:\/\/www.badge4u.eu\/de\/wp-json\/wp\/v2\/media?parent=3678"}],"curies":[{"name":"wp","href":"https:\/\/api.w.org\/{rel}","templated":true}]}}